{"id":918,"date":"2016-05-31T22:31:52","date_gmt":"2016-05-31T22:31:52","guid":{"rendered":"http:\/\/casabravo.cl\/?post_type=product&#038;p=918"},"modified":"2020-06-13T17:22:44","modified_gmt":"2020-06-13T17:22:44","slug":"mouse-optico-retractil-usb-purpura","status":"publish","type":"product","link":"https:\/\/casabravo.cl\/?product=mouse-optico-retractil-usb-purpura","title":{"rendered":"MOUSE \u00d3PTICO USB RETR\u00c1CTIL"},"content":{"rendered":"<p>MOUSE<\/p>\n<p><strong>CARACTER\u00cdSTICAS:<\/strong><\/p>\n<p>APLICACI\u00d3N: MOUSE USB<\/p>\n<p>TIPO:\u00a0RETR\u00c1CTIL CON CABLE<\/p>\n<p>COLOR: NEGRO CON P\u00daRPURA<\/p>\n<p>C\u00d3DIGO: 001429<\/p>\n","protected":false},"excerpt":{"rendered":"<p>MOUSE CARACTER\u00cdSTICAS: APLICACI\u00d3N: MOUSE USB TIPO:\u00a0RETR\u00c1CTIL CON CABLE COLOR: NEGRO CON P\u00daRPURA C\u00d3DIGO: 001429<\/p>\n","protected":false},"featured_media":919,"comment_status":"open","ping_status":"closed","template":"","meta":[],"_links":{"self":[{"href":"https:\/\/casabravo.cl\/index.php?rest_route=\/wp\/v2\/product\/918"}],"collection":[{"href":"https:\/\/casabravo.cl\/index.php?rest_route=\/wp\/v2\/product"}],"about":[{"href":"https:\/\/casabravo.cl\/index.php?rest_route=\/wp\/v2\/types\/product"}],"replies":[{"embeddable":true,"href":"https:\/\/casabravo.cl\/index.php?rest_route=%2Fwp%2Fv2%2Fcomments&post=918"}],"wp:featuredmedia":[{"embeddable":true,"href":"https:\/\/casabravo.cl\/index.php?rest_route=\/wp\/v2\/media\/919"}],"wp:attachment":[{"href":"https:\/\/casabravo.cl\/index.php?rest_route=%2Fwp%2Fv2%2Fmedia&parent=918"}],"curies":[{"name":"wp","href":"https:\/\/api.w.org\/{rel}","templated":true}]}}