{"id":876,"date":"2016-05-30T21:43:27","date_gmt":"2016-05-30T21:43:27","guid":{"rendered":"http:\/\/casabravo.cl\/?post_type=product&#038;p=876"},"modified":"2020-06-13T17:27:26","modified_gmt":"2020-06-13T17:27:26","slug":"mouse-auto-blisterusb-rojoazulplata","status":"publish","type":"product","link":"https:\/\/casabravo.cl\/?product=mouse-auto-blisterusb-rojoazulplata","title":{"rendered":"MOUSE USB DISE\u00d1O AUTO"},"content":{"rendered":"<p>MOUSE<\/p>\n<p><strong>CARACTER\u00cdSTICAS:<\/strong><\/p>\n<p>APLICACI\u00d3N: MOUSE USB<\/p>\n<p>TIPO:\u00a0AL\u00c1MBRICO<\/p>\n<p>DISE\u00d1O: AUTO<\/p>\n<p>COLOR: AMARILLO Y NEGRO<\/p>\n<p>C\u00d3DIGO: 001202<\/p>\n<p>&nbsp;<\/p>\n<p>&nbsp;<\/p>\n","protected":false},"excerpt":{"rendered":"<p>MOUSE CARACTER\u00cdSTICAS: APLICACI\u00d3N: MOUSE USB TIPO:\u00a0AL\u00c1MBRICO DISE\u00d1O: AUTO COLOR: AMARILLO Y NEGRO C\u00d3DIGO: 001202 &nbsp; &nbsp;<\/p>\n","protected":false},"featured_media":877,"comment_status":"open","ping_status":"closed","template":"","meta":[],"_links":{"self":[{"href":"https:\/\/casabravo.cl\/index.php?rest_route=\/wp\/v2\/product\/876"}],"collection":[{"href":"https:\/\/casabravo.cl\/index.php?rest_route=\/wp\/v2\/product"}],"about":[{"href":"https:\/\/casabravo.cl\/index.php?rest_route=\/wp\/v2\/types\/product"}],"replies":[{"embeddable":true,"href":"https:\/\/casabravo.cl\/index.php?rest_route=%2Fwp%2Fv2%2Fcomments&post=876"}],"wp:featuredmedia":[{"embeddable":true,"href":"https:\/\/casabravo.cl\/index.php?rest_route=\/wp\/v2\/media\/877"}],"wp:attachment":[{"href":"https:\/\/casabravo.cl\/index.php?rest_route=%2Fwp%2Fv2%2Fmedia&parent=876"}],"curies":[{"name":"wp","href":"https:\/\/api.w.org\/{rel}","templated":true}]}}