{"id":779,"date":"2016-05-25T20:53:20","date_gmt":"2016-05-25T20:53:20","guid":{"rendered":"http:\/\/casabravo.cl\/?post_type=product&#038;p=779"},"modified":"2026-01-27T04:21:19","modified_gmt":"2026-01-27T04:21:19","slug":"memory-card-ps2-8mb","status":"publish","type":"product","link":"https:\/\/casabravo.cl\/?product=memory-card-ps2-8mb","title":{"rendered":"MEMORY CARD PS2 8MB"},"content":{"rendered":"<p>MEMORY CARD<\/p>\n<p><strong>CARACTER\u00cdSTICAS:<\/strong><\/p>\n<p>APLICACI\u00d3N: MEMORY CARD 8 MB<\/p>\n<p>TIPO: PARA PLAY II<\/p>\n<p>C\u00d3DIGO: 001472<\/p>\n","protected":false},"excerpt":{"rendered":"<p>MEMORY CARD CARACTER\u00cdSTICAS: APLICACI\u00d3N: MEMORY CARD 8 MB TIPO: PARA PLAY II C\u00d3DIGO: 001472<\/p>\n","protected":false},"featured_media":780,"comment_status":"open","ping_status":"closed","template":"","meta":[],"_links":{"self":[{"href":"https:\/\/casabravo.cl\/index.php?rest_route=\/wp\/v2\/product\/779"}],"collection":[{"href":"https:\/\/casabravo.cl\/index.php?rest_route=\/wp\/v2\/product"}],"about":[{"href":"https:\/\/casabravo.cl\/index.php?rest_route=\/wp\/v2\/types\/product"}],"replies":[{"embeddable":true,"href":"https:\/\/casabravo.cl\/index.php?rest_route=%2Fwp%2Fv2%2Fcomments&post=779"}],"wp:featuredmedia":[{"embeddable":true,"href":"https:\/\/casabravo.cl\/index.php?rest_route=\/wp\/v2\/media\/780"}],"wp:attachment":[{"href":"https:\/\/casabravo.cl\/index.php?rest_route=%2Fwp%2Fv2%2Fmedia&parent=779"}],"curies":[{"name":"wp","href":"https:\/\/api.w.org\/{rel}","templated":true}]}}