{"id":776,"date":"2016-05-25T20:51:53","date_gmt":"2016-05-25T20:51:53","guid":{"rendered":"http:\/\/casabravo.cl\/?post_type=product&#038;p=776"},"modified":"2024-06-06T07:07:52","modified_gmt":"2024-06-06T07:07:52","slug":"cable-componente-rca","status":"publish","type":"product","link":"https:\/\/casabravo.cl\/?product=cable-componente-rca","title":{"rendered":"CABLE COMPONENTE RCA"},"content":{"rendered":"<p>CABLE<\/p>\n<p><strong>CARACTER\u00cdSTICAS:<\/strong><\/p>\n<p>APLICACI\u00d3N: CABLE COMPONENTE RCA<\/p>\n<p>TIPO: PARA PLAY II<\/p>\n<p>LARGO: 1.8 METROS<\/p>\n<p>C\u00d3DIGO:\u00a0 001470<\/p>\n","protected":false},"excerpt":{"rendered":"<p>CABLE CARACTER\u00cdSTICAS: APLICACI\u00d3N: CABLE COMPONENTE RCA TIPO: PARA PLAY II LARGO: 1.8 METROS C\u00d3DIGO:\u00a0 001470<\/p>\n","protected":false},"featured_media":777,"comment_status":"open","ping_status":"closed","template":"","meta":[],"_links":{"self":[{"href":"https:\/\/casabravo.cl\/index.php?rest_route=\/wp\/v2\/product\/776"}],"collection":[{"href":"https:\/\/casabravo.cl\/index.php?rest_route=\/wp\/v2\/product"}],"about":[{"href":"https:\/\/casabravo.cl\/index.php?rest_route=\/wp\/v2\/types\/product"}],"replies":[{"embeddable":true,"href":"https:\/\/casabravo.cl\/index.php?rest_route=%2Fwp%2Fv2%2Fcomments&post=776"}],"wp:featuredmedia":[{"embeddable":true,"href":"https:\/\/casabravo.cl\/index.php?rest_route=\/wp\/v2\/media\/777"}],"wp:attachment":[{"href":"https:\/\/casabravo.cl\/index.php?rest_route=%2Fwp%2Fv2%2Fmedia&parent=776"}],"curies":[{"name":"wp","href":"https:\/\/api.w.org\/{rel}","templated":true}]}}