{"id":686,"date":"2016-05-19T20:16:03","date_gmt":"2016-05-19T20:16:03","guid":{"rendered":"http:\/\/casabravo.cl\/?post_type=product&#038;p=686"},"modified":"2019-01-28T19:33:31","modified_gmt":"2019-01-28T19:33:31","slug":"aire-acondicionado-r410a-split-frio-y-calor-clark-a-pedido","status":"publish","type":"product","link":"https:\/\/casabravo.cl\/?product=aire-acondicionado-r410a-split-frio-y-calor-clark-a-pedido","title":{"rendered":"AIRE ACONDICIONADO SPLIT FR\u00cdO Y CALOR (A PEDIDO)"},"content":{"rendered":"<p>AIRE ACONDICIONADO<\/p>\n<p><strong>CARACTER\u00cdSTICAS:<\/strong><\/p>\n<p>APLICACI\u00d3N: AIRE ACONDICIONADO SPLIT FR\u00cdO Y CALOR<\/p>\n<p>TIPO:\u00a0R410A SPLIT FR\u00cdO Y CALOR<\/p>\n<p>POTENCIA: 9000 BTU Y 12000 BTU<\/p>\n<p>MARCA:\u00a0CLARK<\/p>\n<p>VENDEMOS EQUIPOS GARANTIZADOS, AL MEJOR PRECIO<\/p>\n<p>DEL MERCADO.<\/p>\n<p>CONSULTE POR SU EQUIPO, LLAMANDO O VISITANDO<\/p>\n<p>NUESTRA TIENDA.<\/p>\n<p>(<strong>NO SOMOS INSTALADORES, S\u00d3LO DISTRIBUIDORES<\/strong>)<\/p>\n<p>&nbsp;<\/p>\n","protected":false},"excerpt":{"rendered":"<p>AIRE ACONDICIONADO CARACTER\u00cdSTICAS: APLICACI\u00d3N: AIRE ACONDICIONADO SPLIT FR\u00cdO Y CALOR TIPO:\u00a0R410A SPLIT FR\u00cdO Y CALOR POTENCIA: 9000 BTU Y 12000 BTU MARCA:\u00a0CLARK VENDEMOS EQUIPOS GARANTIZADOS, AL MEJOR PRECIO DEL MERCADO. CONSULTE POR SU EQUIPO, LLAMANDO O VISITANDO NUESTRA TIENDA. (NO SOMOS INSTALADORES, S\u00d3LO DISTRIBUIDORES) &nbsp;<\/p>\n","protected":false},"featured_media":687,"comment_status":"open","ping_status":"closed","template":"","meta":[],"_links":{"self":[{"href":"https:\/\/casabravo.cl\/index.php?rest_route=\/wp\/v2\/product\/686"}],"collection":[{"href":"https:\/\/casabravo.cl\/index.php?rest_route=\/wp\/v2\/product"}],"about":[{"href":"https:\/\/casabravo.cl\/index.php?rest_route=\/wp\/v2\/types\/product"}],"replies":[{"embeddable":true,"href":"https:\/\/casabravo.cl\/index.php?rest_route=%2Fwp%2Fv2%2Fcomments&post=686"}],"wp:featuredmedia":[{"embeddable":true,"href":"https:\/\/casabravo.cl\/index.php?rest_route=\/wp\/v2\/media\/687"}],"wp:attachment":[{"href":"https:\/\/casabravo.cl\/index.php?rest_route=%2Fwp%2Fv2%2Fmedia&parent=686"}],"curies":[{"name":"wp","href":"https:\/\/api.w.org\/{rel}","templated":true}]}}