{"id":655,"date":"2016-05-19T15:37:11","date_gmt":"2016-05-19T15:37:11","guid":{"rendered":"http:\/\/casabravo.cl\/?post_type=product&#038;p=655"},"modified":"2023-04-11T16:19:21","modified_gmt":"2023-04-11T16:19:21","slug":"access-point-diseno-slim-300-mbps","status":"publish","type":"product","link":"https:\/\/casabravo.cl\/?product=access-point-diseno-slim-300-mbps","title":{"rendered":"ACCESS POINT 300 MBPS TENDA"},"content":{"rendered":"<p>ACCESS<\/p>\n<p><strong>CARACTER\u00cdSTICAS:<\/strong><\/p>\n<p>APLICACI\u00d3N: ACCESS POINT<\/p>\n<p>TIPO: SLIM WIFI<\/p>\n<p>SOPORTE: HASTA 300MBPS<\/p>\n<p>MODELO: W301A<\/p>\n<p>MARCA: TENDA<\/p>\n<p>C\u00d3DIGO: 000067<\/p>\n","protected":false},"excerpt":{"rendered":"<p>ACCESS CARACTER\u00cdSTICAS: APLICACI\u00d3N: ACCESS POINT TIPO: SLIM WIFI SOPORTE: HASTA 300MBPS MODELO: W301A MARCA: TENDA C\u00d3DIGO: 000067<\/p>\n","protected":false},"featured_media":0,"comment_status":"open","ping_status":"closed","template":"","meta":[],"_links":{"self":[{"href":"https:\/\/casabravo.cl\/index.php?rest_route=\/wp\/v2\/product\/655"}],"collection":[{"href":"https:\/\/casabravo.cl\/index.php?rest_route=\/wp\/v2\/product"}],"about":[{"href":"https:\/\/casabravo.cl\/index.php?rest_route=\/wp\/v2\/types\/product"}],"replies":[{"embeddable":true,"href":"https:\/\/casabravo.cl\/index.php?rest_route=%2Fwp%2Fv2%2Fcomments&post=655"}],"wp:attachment":[{"href":"https:\/\/casabravo.cl\/index.php?rest_route=%2Fwp%2Fv2%2Fmedia&parent=655"}],"curies":[{"name":"wp","href":"https:\/\/api.w.org\/{rel}","templated":true}]}}