{"id":6428,"date":"2024-01-30T14:35:43","date_gmt":"2024-01-30T14:35:43","guid":{"rendered":"https:\/\/casabravo.cl\/?post_type=product&#038;p=6428"},"modified":"2024-01-30T14:35:43","modified_gmt":"2024-01-30T14:35:43","slug":"lampara-colgante-metalica","status":"publish","type":"product","link":"https:\/\/casabravo.cl\/?product=lampara-colgante-metalica","title":{"rendered":"L\u00c1MPARA COLGANTE MET\u00c1LICA"},"content":{"rendered":"<p>L\u00c1MPARA<\/p>\n<p><strong>CARACTER\u00cdSTICAS:<\/strong><\/p>\n<p>APLICACI\u00d3N: COLGANTE PARA UNA AMPOLLETA<\/p>\n<p>TIPO: COLGANTE 1 SOQUETE<\/p>\n<p>MATERIAL: METAL<\/p>\n<p>COLOR: NEGRO<\/p>\n<p>C\u00d3DIGO: 004008<\/p>\n","protected":false},"excerpt":{"rendered":"<p>L\u00c1MPARA CARACTER\u00cdSTICAS: APLICACI\u00d3N: COLGANTE PARA UNA AMPOLLETA TIPO: COLGANTE 1 SOQUETE MATERIAL: METAL COLOR: NEGRO C\u00d3DIGO: 004008<\/p>\n","protected":false},"featured_media":6429,"comment_status":"open","ping_status":"closed","template":"","meta":[],"_links":{"self":[{"href":"https:\/\/casabravo.cl\/index.php?rest_route=\/wp\/v2\/product\/6428"}],"collection":[{"href":"https:\/\/casabravo.cl\/index.php?rest_route=\/wp\/v2\/product"}],"about":[{"href":"https:\/\/casabravo.cl\/index.php?rest_route=\/wp\/v2\/types\/product"}],"replies":[{"embeddable":true,"href":"https:\/\/casabravo.cl\/index.php?rest_route=%2Fwp%2Fv2%2Fcomments&post=6428"}],"wp:featuredmedia":[{"embeddable":true,"href":"https:\/\/casabravo.cl\/index.php?rest_route=\/wp\/v2\/media\/6429"}],"wp:attachment":[{"href":"https:\/\/casabravo.cl\/index.php?rest_route=%2Fwp%2Fv2%2Fmedia&parent=6428"}],"curies":[{"name":"wp","href":"https:\/\/api.w.org\/{rel}","templated":true}]}}