{"id":6422,"date":"2024-01-30T14:13:42","date_gmt":"2024-01-30T14:13:42","guid":{"rendered":"https:\/\/casabravo.cl\/?post_type=product&#038;p=6422"},"modified":"2024-01-30T14:25:33","modified_gmt":"2024-01-30T14:25:33","slug":"lampara-de-mesa-modelo-diamante","status":"publish","type":"product","link":"https:\/\/casabravo.cl\/?product=lampara-de-mesa-modelo-diamante","title":{"rendered":"L\u00c1MPARA DE MESA MODELO DIAMANTE"},"content":{"rendered":"<p>L\u00c1MPARA<\/p>\n<p><strong>CARACTER\u00cdSTICAS:<\/strong><\/p>\n<p>APLICACI\u00d3N: PARA MESA CON BOTON DE ENCENDIDO<\/p>\n<p>TIPO: DIAMANTE<\/p>\n<p>MATERIAL: METAL CON BASE DE MADERA<\/p>\n<p>COLOR: NEGRO Y MADERA NATURAL<\/p>\n<p>C\u00d3DIGO: 004005<\/p>\n","protected":false},"excerpt":{"rendered":"<p>L\u00c1MPARA CARACTER\u00cdSTICAS: APLICACI\u00d3N: PARA MESA CON BOTON DE ENCENDIDO TIPO: DIAMANTE MATERIAL: METAL CON BASE DE MADERA COLOR: NEGRO Y MADERA NATURAL C\u00d3DIGO: 004005<\/p>\n","protected":false},"featured_media":0,"comment_status":"open","ping_status":"closed","template":"","meta":[],"_links":{"self":[{"href":"https:\/\/casabravo.cl\/index.php?rest_route=\/wp\/v2\/product\/6422"}],"collection":[{"href":"https:\/\/casabravo.cl\/index.php?rest_route=\/wp\/v2\/product"}],"about":[{"href":"https:\/\/casabravo.cl\/index.php?rest_route=\/wp\/v2\/types\/product"}],"replies":[{"embeddable":true,"href":"https:\/\/casabravo.cl\/index.php?rest_route=%2Fwp%2Fv2%2Fcomments&post=6422"}],"wp:attachment":[{"href":"https:\/\/casabravo.cl\/index.php?rest_route=%2Fwp%2Fv2%2Fmedia&parent=6422"}],"curies":[{"name":"wp","href":"https:\/\/api.w.org\/{rel}","templated":true}]}}