{"id":6415,"date":"2023-11-28T19:00:11","date_gmt":"2023-11-28T19:00:11","guid":{"rendered":"https:\/\/casabravo.cl\/?post_type=product&#038;p=6415"},"modified":"2023-11-28T19:00:12","modified_gmt":"2023-11-28T19:00:12","slug":"guirnalda-navidad-10-0-metros-luz-calida","status":"publish","type":"product","link":"https:\/\/casabravo.cl\/?product=guirnalda-navidad-10-0-metros-luz-calida","title":{"rendered":"GUIRNALDA NAVIDAD 10.0 METROS LUZ C\u00c1LIDA"},"content":{"rendered":"<p>TIRA LED<\/p>\n<p><strong>CARACTER\u00cdSTICAS:<\/strong><\/p>\n<p>APLICACI\u00d3N: GUIRNALDA NAVIDE\u00d1A<\/p>\n<p>TIPO:\u00a0 IIRA LED<\/p>\n<p>LARGO: 10.0 METROS<\/p>\n<p>COLOR: LUZ C\u00c1LIDA (3000K)<\/p>\n<p>C\u00d3DIGO: 054321<\/p>\n","protected":false},"excerpt":{"rendered":"<p>TIRA LED CARACTER\u00cdSTICAS: APLICACI\u00d3N: GUIRNALDA NAVIDE\u00d1A TIPO:\u00a0 IIRA LED LARGO: 10.0 METROS COLOR: LUZ C\u00c1LIDA (3000K) C\u00d3DIGO: 054321<\/p>\n","protected":false},"featured_media":0,"comment_status":"open","ping_status":"closed","template":"","meta":[],"_links":{"self":[{"href":"https:\/\/casabravo.cl\/index.php?rest_route=\/wp\/v2\/product\/6415"}],"collection":[{"href":"https:\/\/casabravo.cl\/index.php?rest_route=\/wp\/v2\/product"}],"about":[{"href":"https:\/\/casabravo.cl\/index.php?rest_route=\/wp\/v2\/types\/product"}],"replies":[{"embeddable":true,"href":"https:\/\/casabravo.cl\/index.php?rest_route=%2Fwp%2Fv2%2Fcomments&post=6415"}],"wp:attachment":[{"href":"https:\/\/casabravo.cl\/index.php?rest_route=%2Fwp%2Fv2%2Fmedia&parent=6415"}],"curies":[{"name":"wp","href":"https:\/\/api.w.org\/{rel}","templated":true}]}}