{"id":6403,"date":"2023-09-07T20:35:47","date_gmt":"2023-09-07T20:35:47","guid":{"rendered":"https:\/\/casabravo.cl\/?post_type=product&#038;p=6403"},"modified":"2025-12-10T21:30:06","modified_gmt":"2025-12-10T21:30:06","slug":"camara-wifi-2mp-exterior-ezviz","status":"publish","type":"product","link":"https:\/\/casabravo.cl\/?product=camara-wifi-2mp-exterior-ezviz","title":{"rendered":"C\u00c1MARA WIFI 2MP EXTERIOR EZVIZ"},"content":{"rendered":"<p>CAMARA WIFI<\/p>\n<p><strong>CARACTER\u00cdSTICAS:<\/strong><\/p>\n<p>APLICACI\u00d3N: C\u00c1MARA DE VIGILANCIA<\/p>\n<p>TIPO: EXTERIOR 360\u00ba<\/p>\n<p>RESOLUCI\u00d3N: 2 MP (1080P) FULL HD<\/p>\n<p>USO: INTERIOR O EXTERIOR<\/p>\n<p>OTROS: SENSOR IMAGEN\u00a0 SENSOR CMOS DE ESCANEO PROGRESIVO D1\/2.7<\/p>\n<p>ALMACENAMIENTO: NUBE, TARJETA MICROSD HASTA 256GB<\/p>\n<p>VISI\u00d3N NOCTURA, LUZ ESTROBOSC\u00d3PICA, MICR\u00d3FONO INCORPORADO,<\/p>\n<p>C\u00c1MARA PANOR\u00c1MICA INCLINABLE<\/p>\n<p>MARCA: EZVIZ<\/p>\n<p>MODELO: CS-C8C<\/p>\n<p>C\u00d3DIGO: 001421<\/p>\n<p>&nbsp;<\/p>\n","protected":false},"excerpt":{"rendered":"<p>CAMARA WIFI CARACTER\u00cdSTICAS: APLICACI\u00d3N: C\u00c1MARA DE VIGILANCIA TIPO: EXTERIOR 360\u00ba RESOLUCI\u00d3N: 2 MP (1080P) FULL HD USO: INTERIOR O EXTERIOR OTROS: SENSOR IMAGEN\u00a0 SENSOR CMOS DE ESCANEO PROGRESIVO D1\/2.7 ALMACENAMIENTO: NUBE, TARJETA MICROSD HASTA 256GB VISI\u00d3N NOCTURA, LUZ ESTROBOSC\u00d3PICA, MICR\u00d3FONO INCORPORADO, C\u00c1MARA PANOR\u00c1MICA INCLINABLE MARCA: EZVIZ MODELO: CS-C8C C\u00d3DIGO: 001421 &nbsp;<\/p>\n","protected":false},"featured_media":6404,"comment_status":"open","ping_status":"closed","template":"","meta":[],"_links":{"self":[{"href":"https:\/\/casabravo.cl\/index.php?rest_route=\/wp\/v2\/product\/6403"}],"collection":[{"href":"https:\/\/casabravo.cl\/index.php?rest_route=\/wp\/v2\/product"}],"about":[{"href":"https:\/\/casabravo.cl\/index.php?rest_route=\/wp\/v2\/types\/product"}],"replies":[{"embeddable":true,"href":"https:\/\/casabravo.cl\/index.php?rest_route=%2Fwp%2Fv2%2Fcomments&post=6403"}],"wp:featuredmedia":[{"embeddable":true,"href":"https:\/\/casabravo.cl\/index.php?rest_route=\/wp\/v2\/media\/6404"}],"wp:attachment":[{"href":"https:\/\/casabravo.cl\/index.php?rest_route=%2Fwp%2Fv2%2Fmedia&parent=6403"}],"curies":[{"name":"wp","href":"https:\/\/api.w.org\/{rel}","templated":true}]}}