{"id":6349,"date":"2023-04-04T22:43:31","date_gmt":"2023-04-04T22:43:31","guid":{"rendered":"https:\/\/casabravo.cl\/?post_type=product&#038;p=6349"},"modified":"2025-07-10T16:10:10","modified_gmt":"2025-07-10T16:10:10","slug":"camara-bullet-hdcvi-4mp-dahua","status":"publish","type":"product","link":"https:\/\/casabravo.cl\/?product=camara-bullet-hdcvi-4mp-dahua","title":{"rendered":"C\u00c1MARA DOMO HDCVI 4MP DAHUA"},"content":{"rendered":"<p>C\u00c1MARA<\/p>\n<p><strong>CARACTER\u00cdSTICAS:<\/strong><\/p>\n<p>APLICACI\u00d3N: C\u00c1MARA DE SEGURIDAD<\/p>\n<p>TIPO: <strong>DOMO\u00a0MET\u00c1LICA IP67<\/strong><\/p>\n<p><strong>LENTE MOTORIZADO<\/strong><\/p>\n<p>RESOLUCI\u00d3N: 4 MEGAPIXELES 2.7-12MM<\/p>\n<p>DISTANCIA: 30.0 METROS IR<\/p>\n<p>MODELO: DH-HAC-HDBW1400RN-Z<\/p>\n<p>MARCA: DAHUA<\/p>\n<p>C\u00d3DIGO: 000754<\/p>\n<p>&nbsp;<\/p>\n","protected":false},"excerpt":{"rendered":"<p>C\u00c1MARA CARACTER\u00cdSTICAS: APLICACI\u00d3N: C\u00c1MARA DE SEGURIDAD TIPO: DOMO\u00a0MET\u00c1LICA IP67 LENTE MOTORIZADO RESOLUCI\u00d3N: 4 MEGAPIXELES 2.7-12MM DISTANCIA: 30.0 METROS IR MODELO: DH-HAC-HDBW1400RN-Z MARCA: DAHUA C\u00d3DIGO: 000754 &nbsp;<\/p>\n","protected":false},"featured_media":0,"comment_status":"open","ping_status":"closed","template":"","meta":[],"_links":{"self":[{"href":"https:\/\/casabravo.cl\/index.php?rest_route=\/wp\/v2\/product\/6349"}],"collection":[{"href":"https:\/\/casabravo.cl\/index.php?rest_route=\/wp\/v2\/product"}],"about":[{"href":"https:\/\/casabravo.cl\/index.php?rest_route=\/wp\/v2\/types\/product"}],"replies":[{"embeddable":true,"href":"https:\/\/casabravo.cl\/index.php?rest_route=%2Fwp%2Fv2%2Fcomments&post=6349"}],"wp:attachment":[{"href":"https:\/\/casabravo.cl\/index.php?rest_route=%2Fwp%2Fv2%2Fmedia&parent=6349"}],"curies":[{"name":"wp","href":"https:\/\/api.w.org\/{rel}","templated":true}]}}