{"id":6337,"date":"2023-04-04T21:11:32","date_gmt":"2023-04-04T21:11:32","guid":{"rendered":"https:\/\/casabravo.cl\/?post_type=product&#038;p=6337"},"modified":"2025-07-10T16:15:27","modified_gmt":"2025-07-10T16:15:27","slug":"camara-wifi-cruiser-se-pt-4mp","status":"publish","type":"product","link":"https:\/\/casabravo.cl\/?product=camara-wifi-cruiser-se-pt-4mp","title":{"rendered":"C\u00c1MARA WIFI CRUISER SE + PT 4MP"},"content":{"rendered":"<p>C\u00c1MARA<\/p>\n<p><strong>CARACTER\u00cdSTICAS:<\/strong><\/p>\n<p>APLICACI\u00d3N: C\u00c1MARA DE VIGILANCIA WIFI<\/p>\n<p>TIPO: PTZ IP WIFI EXTERIOR FULL COLOR<\/p>\n<p>3.6MM, MICR\u00d3FONO, PARLANTE Y DISUASI\u00d3N ACTIVA<\/p>\n<p>RESOLUCI\u00d3N: <strong>4 MEGA<span style=\"font-size: 16px; font-style: normal;\">\u00a0<\/span><span style=\"font-size: 16px;\">\u00a0PIXELES<\/span><\/strong><\/p>\n<p>USO: INTERIOR O EXTERIOR<\/p>\n<p>DISTANCIA: 30.0 METROS IR<\/p>\n<p>\u00c1NGULO VISI\u00d3N: 360\u00ba<\/p>\n<p>ALMACENAMIENTO : NUBE TARJETA SD CARD \/DVR<\/p>\n<p>MARCA: IMOU<\/p>\n<p>MODELO: IPC-S41FEN<\/p>\n<p>C\u00d3DIGO: 000527<\/p>\n","protected":false},"excerpt":{"rendered":"<p>C\u00c1MARA CARACTER\u00cdSTICAS: APLICACI\u00d3N: C\u00c1MARA DE VIGILANCIA WIFI TIPO: PTZ IP WIFI EXTERIOR FULL COLOR 3.6MM, MICR\u00d3FONO, PARLANTE Y DISUASI\u00d3N ACTIVA RESOLUCI\u00d3N: 4 MEGA\u00a0\u00a0PIXELES USO: INTERIOR O EXTERIOR DISTANCIA: 30.0 METROS IR \u00c1NGULO VISI\u00d3N: 360\u00ba ALMACENAMIENTO : NUBE TARJETA SD CARD \/DVR MARCA: IMOU MODELO: IPC-S41FEN C\u00d3DIGO: 000527<\/p>\n","protected":false},"featured_media":6338,"comment_status":"open","ping_status":"closed","template":"","meta":[],"_links":{"self":[{"href":"https:\/\/casabravo.cl\/index.php?rest_route=\/wp\/v2\/product\/6337"}],"collection":[{"href":"https:\/\/casabravo.cl\/index.php?rest_route=\/wp\/v2\/product"}],"about":[{"href":"https:\/\/casabravo.cl\/index.php?rest_route=\/wp\/v2\/types\/product"}],"replies":[{"embeddable":true,"href":"https:\/\/casabravo.cl\/index.php?rest_route=%2Fwp%2Fv2%2Fcomments&post=6337"}],"wp:featuredmedia":[{"embeddable":true,"href":"https:\/\/casabravo.cl\/index.php?rest_route=\/wp\/v2\/media\/6338"}],"wp:attachment":[{"href":"https:\/\/casabravo.cl\/index.php?rest_route=%2Fwp%2Fv2%2Fmedia&parent=6337"}],"curies":[{"name":"wp","href":"https:\/\/api.w.org\/{rel}","templated":true}]}}