{"id":6315,"date":"2023-03-30T15:39:23","date_gmt":"2023-03-30T15:39:23","guid":{"rendered":"https:\/\/casabravo.cl\/?post_type=product&#038;p=6315"},"modified":"2023-03-30T15:39:23","modified_gmt":"2023-03-30T15:39:23","slug":"tubo-led-50-watts-con-panel-solar","status":"publish","type":"product","link":"https:\/\/casabravo.cl\/?product=tubo-led-50-watts-con-panel-solar","title":{"rendered":"TUBO LED 50 WATTS CON PANEL SOLAR"},"content":{"rendered":"<p>TUBO<\/p>\n<p><strong>CARACTER\u00cdSTICAS:<\/strong><\/p>\n<p>APLICACI\u00d3N: TUBO LED 50 WATTS (IP65)<\/p>\n<p>TIPO: CON PANEL SOLAR<\/p>\n<p>L\u00daMENES: 400 LM<\/p>\n<p>COLOR: LUZ FR\u00cdA (6500K)<\/p>\n<p>VIDA \u00daTIL: 25000 HORAS<\/p>\n<p>MARCA: WELL.MAX<\/p>\n<p>C\u00d3DIGO:054362<\/p>\n<p>&nbsp;<\/p>\n<p>&nbsp;<\/p>\n<p>&nbsp;<\/p>\n","protected":false},"excerpt":{"rendered":"<p>TUBO CARACTER\u00cdSTICAS: APLICACI\u00d3N: TUBO LED 50 WATTS (IP65) TIPO: CON PANEL SOLAR L\u00daMENES: 400 LM COLOR: LUZ FR\u00cdA (6500K) VIDA \u00daTIL: 25000 HORAS MARCA: WELL.MAX C\u00d3DIGO:054362 &nbsp; &nbsp; &nbsp;<\/p>\n","protected":false},"featured_media":6316,"comment_status":"open","ping_status":"closed","template":"","meta":[],"_links":{"self":[{"href":"https:\/\/casabravo.cl\/index.php?rest_route=\/wp\/v2\/product\/6315"}],"collection":[{"href":"https:\/\/casabravo.cl\/index.php?rest_route=\/wp\/v2\/product"}],"about":[{"href":"https:\/\/casabravo.cl\/index.php?rest_route=\/wp\/v2\/types\/product"}],"replies":[{"embeddable":true,"href":"https:\/\/casabravo.cl\/index.php?rest_route=%2Fwp%2Fv2%2Fcomments&post=6315"}],"wp:featuredmedia":[{"embeddable":true,"href":"https:\/\/casabravo.cl\/index.php?rest_route=\/wp\/v2\/media\/6316"}],"wp:attachment":[{"href":"https:\/\/casabravo.cl\/index.php?rest_route=%2Fwp%2Fv2%2Fmedia&parent=6315"}],"curies":[{"name":"wp","href":"https:\/\/api.w.org\/{rel}","templated":true}]}}