{"id":6293,"date":"2022-10-26T14:03:20","date_gmt":"2022-10-26T14:03:20","guid":{"rendered":"https:\/\/casabravo.cl\/?post_type=product&#038;p=6293"},"modified":"2023-04-12T21:34:46","modified_gmt":"2023-04-12T21:34:46","slug":"panel-led-18-watts-ajustable","status":"publish","type":"product","link":"https:\/\/casabravo.cl\/?product=panel-led-18-watts-ajustable","title":{"rendered":"PANEL LED 18 WATTS SLIM SOBREPUESTO AJUSTABLE"},"content":{"rendered":"<p>PANEL<\/p>\n<p><strong>CARACTER\u00cdSTICAS:<\/strong><\/p>\n<p>APLICACI\u00d3N: PANEL TECHO IP 20<\/p>\n<p>TIPO: SLIM REDONDO, SOBREPUESTO &#8211;\u00a0 AJUSTE INTELIGENTE<\/p>\n<p>(PERMITE AJUSTARSE AL SACAR UN PANEL EMBUTIDO)<\/p>\n<p>POTENCIA: 18 WATTS<\/p>\n<p>COLOR: LUZ FR\u00cdA (6500K)<\/p>\n<p>L\u00daMENES: 1600 LM<\/p>\n<p>DURACI\u00d3N: 25000 HORAS<\/p>\n<p>DI\u00c1METRO: 230 MM<\/p>\n<p>ALTO: 25 MM<\/p>\n<p>MATERIAL: ALUMINIO<\/p>\n<p>C\u00d3DIGO: 054503<\/p>\n<p>&nbsp;<\/p>\n","protected":false},"excerpt":{"rendered":"<p>PANEL CARACTER\u00cdSTICAS: APLICACI\u00d3N: PANEL TECHO IP 20 TIPO: SLIM REDONDO, SOBREPUESTO &#8211;\u00a0 AJUSTE INTELIGENTE (PERMITE AJUSTARSE AL SACAR UN PANEL EMBUTIDO) POTENCIA: 18 WATTS COLOR: LUZ FR\u00cdA (6500K) L\u00daMENES: 1600 LM DURACI\u00d3N: 25000 HORAS DI\u00c1METRO: 230 MM ALTO: 25 MM MATERIAL: ALUMINIO C\u00d3DIGO: 054503 &nbsp;<\/p>\n","protected":false},"featured_media":6380,"comment_status":"open","ping_status":"closed","template":"","meta":[],"_links":{"self":[{"href":"https:\/\/casabravo.cl\/index.php?rest_route=\/wp\/v2\/product\/6293"}],"collection":[{"href":"https:\/\/casabravo.cl\/index.php?rest_route=\/wp\/v2\/product"}],"about":[{"href":"https:\/\/casabravo.cl\/index.php?rest_route=\/wp\/v2\/types\/product"}],"replies":[{"embeddable":true,"href":"https:\/\/casabravo.cl\/index.php?rest_route=%2Fwp%2Fv2%2Fcomments&post=6293"}],"wp:featuredmedia":[{"embeddable":true,"href":"https:\/\/casabravo.cl\/index.php?rest_route=\/wp\/v2\/media\/6380"}],"wp:attachment":[{"href":"https:\/\/casabravo.cl\/index.php?rest_route=%2Fwp%2Fv2%2Fmedia&parent=6293"}],"curies":[{"name":"wp","href":"https:\/\/api.w.org\/{rel}","templated":true}]}}