{"id":6283,"date":"2022-10-06T18:57:25","date_gmt":"2022-10-06T18:57:25","guid":{"rendered":"https:\/\/casabravo.cl\/?post_type=product&#038;p=6283"},"modified":"2022-10-06T18:57:25","modified_gmt":"2022-10-06T18:57:25","slug":"panel-led-embutidos-12-watts","status":"publish","type":"product","link":"https:\/\/casabravo.cl\/?product=panel-led-embutidos-12-watts","title":{"rendered":"PANEL LED EMBUTIDOS 12 WATTS"},"content":{"rendered":"<p>PANEL<\/p>\n<p><strong>CARACTER\u00cdSTICAS:<\/strong><\/p>\n<p>APLICACI\u00d3N: PANEL TECHO<\/p>\n<p>TIPO: REDONDO EMBUTIDO\u00a0 IP 20<\/p>\n<p>POTENCIA: 12 WATTS<\/p>\n<p>COLOR: LUZ FR\u00cdA (6500K)<\/p>\n<p>L\u00daMENES: 840 LM<\/p>\n<p>MATERIAL: ALUMINIO<\/p>\n<p>\u00c1NGULO: 120\u00ba<\/p>\n<p>C\u00d3DIGO: 054515<\/p>\n<p>&nbsp;<\/p>\n","protected":false},"excerpt":{"rendered":"<p>PANEL CARACTER\u00cdSTICAS: APLICACI\u00d3N: PANEL TECHO TIPO: REDONDO EMBUTIDO\u00a0 IP 20 POTENCIA: 12 WATTS COLOR: LUZ FR\u00cdA (6500K) L\u00daMENES: 840 LM MATERIAL: ALUMINIO \u00c1NGULO: 120\u00ba C\u00d3DIGO: 054515 &nbsp;<\/p>\n","protected":false},"featured_media":2518,"comment_status":"open","ping_status":"closed","template":"","meta":[],"_links":{"self":[{"href":"https:\/\/casabravo.cl\/index.php?rest_route=\/wp\/v2\/product\/6283"}],"collection":[{"href":"https:\/\/casabravo.cl\/index.php?rest_route=\/wp\/v2\/product"}],"about":[{"href":"https:\/\/casabravo.cl\/index.php?rest_route=\/wp\/v2\/types\/product"}],"replies":[{"embeddable":true,"href":"https:\/\/casabravo.cl\/index.php?rest_route=%2Fwp%2Fv2%2Fcomments&post=6283"}],"wp:featuredmedia":[{"embeddable":true,"href":"https:\/\/casabravo.cl\/index.php?rest_route=\/wp\/v2\/media\/2518"}],"wp:attachment":[{"href":"https:\/\/casabravo.cl\/index.php?rest_route=%2Fwp%2Fv2%2Fmedia&parent=6283"}],"curies":[{"name":"wp","href":"https:\/\/api.w.org\/{rel}","templated":true}]}}