{"id":6269,"date":"2022-08-18T16:23:51","date_gmt":"2022-08-18T16:23:51","guid":{"rendered":"https:\/\/casabravo.cl\/?post_type=product&#038;p=6269"},"modified":"2022-10-06T19:18:30","modified_gmt":"2022-10-06T19:18:30","slug":"set-balun-4k-hdcvi","status":"publish","type":"product","link":"https:\/\/casabravo.cl\/?product=set-balun-4k-hdcvi","title":{"rendered":"SET BALUN 4K HDCVI"},"content":{"rendered":"<p>BALUN<\/p>\n<p><strong>CARACTER\u00cdSTICAS:<\/strong><\/p>\n<p>APLICACI\u00d3N: PARA C\u00c1MARAS DE SEGURIDAD<\/p>\n<p>TIPO: 4 K PASIVO 1 CANAL<\/p>\n<p>CONTIENE: 1 SET DE 2 PARES<\/p>\n<p>MARCA: DAHUA<\/p>\n<p>C\u00d3DIGO: 000004<\/p>\n","protected":false},"excerpt":{"rendered":"<p>BALUN CARACTER\u00cdSTICAS: APLICACI\u00d3N: PARA C\u00c1MARAS DE SEGURIDAD TIPO: 4 K PASIVO 1 CANAL CONTIENE: 1 SET DE 2 PARES MARCA: DAHUA C\u00d3DIGO: 000004<\/p>\n","protected":false},"featured_media":0,"comment_status":"open","ping_status":"closed","template":"","meta":[],"_links":{"self":[{"href":"https:\/\/casabravo.cl\/index.php?rest_route=\/wp\/v2\/product\/6269"}],"collection":[{"href":"https:\/\/casabravo.cl\/index.php?rest_route=\/wp\/v2\/product"}],"about":[{"href":"https:\/\/casabravo.cl\/index.php?rest_route=\/wp\/v2\/types\/product"}],"replies":[{"embeddable":true,"href":"https:\/\/casabravo.cl\/index.php?rest_route=%2Fwp%2Fv2%2Fcomments&post=6269"}],"wp:attachment":[{"href":"https:\/\/casabravo.cl\/index.php?rest_route=%2Fwp%2Fv2%2Fmedia&parent=6269"}],"curies":[{"name":"wp","href":"https:\/\/api.w.org\/{rel}","templated":true}]}}