{"id":624,"date":"2016-05-18T15:00:31","date_gmt":"2016-05-18T15:00:31","guid":{"rendered":"http:\/\/casabravo.cl\/?post_type=product&#038;p=624"},"modified":"2019-01-25T22:07:14","modified_gmt":"2019-01-25T22:07:14","slug":"tube-20w-led-with-cw-luz-fria","status":"publish","type":"product","link":"https:\/\/casabravo.cl\/?product=tube-20w-led-with-cw-luz-fria","title":{"rendered":"TUBO LED EMPAVONADO 20 WATTS (LUZ C\u00c1LIDA)"},"content":{"rendered":"<p>TUBO LED<\/p>\n<p><strong>CARACTER\u00cdSTICAS:<\/strong><\/p>\n<p>APLICACI\u00d3N: TUBO LED 20 WATTS<\/p>\n<p>TIPO: TUBO EMPAVONADO<\/p>\n<p>LUMINOSIDAD: 1.800 L\u00daMENES<\/p>\n<p>VIDA \u00daTIL: 50.000 HORAS<\/p>\n<p>COLOR: LUZ C\u00c1LIDA<\/p>\n<p>MEDIDA: 120 CMS.<\/p>\n<p>C\u00d3DIGO: 000591<\/p>\n<p>&nbsp;<\/p>\n<p>&nbsp;<\/p>\n","protected":false},"excerpt":{"rendered":"<p>TUBO LED CARACTER\u00cdSTICAS: APLICACI\u00d3N: TUBO LED 20 WATTS TIPO: TUBO EMPAVONADO LUMINOSIDAD: 1.800 L\u00daMENES VIDA \u00daTIL: 50.000 HORAS COLOR: LUZ C\u00c1LIDA MEDIDA: 120 CMS. C\u00d3DIGO: 000591 &nbsp; &nbsp;<\/p>\n","protected":false},"featured_media":0,"comment_status":"open","ping_status":"closed","template":"","meta":[],"_links":{"self":[{"href":"https:\/\/casabravo.cl\/index.php?rest_route=\/wp\/v2\/product\/624"}],"collection":[{"href":"https:\/\/casabravo.cl\/index.php?rest_route=\/wp\/v2\/product"}],"about":[{"href":"https:\/\/casabravo.cl\/index.php?rest_route=\/wp\/v2\/types\/product"}],"replies":[{"embeddable":true,"href":"https:\/\/casabravo.cl\/index.php?rest_route=%2Fwp%2Fv2%2Fcomments&post=624"}],"wp:attachment":[{"href":"https:\/\/casabravo.cl\/index.php?rest_route=%2Fwp%2Fv2%2Fmedia&parent=624"}],"curies":[{"name":"wp","href":"https:\/\/api.w.org\/{rel}","templated":true}]}}