{"id":6234,"date":"2022-05-18T15:46:34","date_gmt":"2022-05-18T15:46:34","guid":{"rendered":"https:\/\/casabravo.cl\/?post_type=product&#038;p=6234"},"modified":"2025-05-30T16:00:50","modified_gmt":"2025-05-30T16:00:50","slug":"bateria-ups-500va-250w-220v","status":"publish","type":"product","link":"https:\/\/casabravo.cl\/?product=bateria-ups-500va-250w-220v","title":{"rendered":"BATER\u00cdA UPS 500VA 250W 220V"},"content":{"rendered":"<p>UPS<\/p>\n<p><strong>CARACTER\u00cdSTICAS:<\/strong><\/p>\n<p>APLICACI\u00d3N: BATER\u00cdA<\/p>\n<p>TIPO: 500VA &#8211; 250W<\/p>\n<p>MARCA: FORZA<\/p>\n<p>MODELO: NT-502C<\/p>\n<p>C\u00d3DIGO: 001416<\/p>\n","protected":false},"excerpt":{"rendered":"<p>UPS CARACTER\u00cdSTICAS: APLICACI\u00d3N: BATER\u00cdA TIPO: 500VA &#8211; 250W MARCA: FORZA MODELO: NT-502C C\u00d3DIGO: 001416<\/p>\n","protected":false},"featured_media":0,"comment_status":"open","ping_status":"closed","template":"","meta":[],"_links":{"self":[{"href":"https:\/\/casabravo.cl\/index.php?rest_route=\/wp\/v2\/product\/6234"}],"collection":[{"href":"https:\/\/casabravo.cl\/index.php?rest_route=\/wp\/v2\/product"}],"about":[{"href":"https:\/\/casabravo.cl\/index.php?rest_route=\/wp\/v2\/types\/product"}],"replies":[{"embeddable":true,"href":"https:\/\/casabravo.cl\/index.php?rest_route=%2Fwp%2Fv2%2Fcomments&post=6234"}],"wp:attachment":[{"href":"https:\/\/casabravo.cl\/index.php?rest_route=%2Fwp%2Fv2%2Fmedia&parent=6234"}],"curies":[{"name":"wp","href":"https:\/\/api.w.org\/{rel}","templated":true}]}}