{"id":6207,"date":"2022-03-14T20:24:33","date_gmt":"2022-03-14T20:24:33","guid":{"rendered":"https:\/\/casabravo.cl\/?post_type=product&#038;p=6207"},"modified":"2023-04-11T21:04:30","modified_gmt":"2023-04-11T21:04:30","slug":"soquete-de-canamo-para-ampolleta","status":"publish","type":"product","link":"https:\/\/casabravo.cl\/?product=soquete-de-canamo-para-ampolleta","title":{"rendered":"SOQUETE DE CA\u00d1AMO PARA AMPOLLETA"},"content":{"rendered":"<p>SOQUETE<\/p>\n<p><strong>CARACTER\u00cdSTICAS:<\/strong><\/p>\n<p>APLICACI\u00d3N: SOQUETE PARA AMPOLLETA<\/p>\n<p>TIPO: CA\u00d1AMO<\/p>\n<p>TAMA\u00d1O: E-27<\/p>\n<p>AMPOLLETA: NO CONTIENE<\/p>\n<p>C\u00d3DIGO: 054504<\/p>\n","protected":false},"excerpt":{"rendered":"<p>SOQUETE CARACTER\u00cdSTICAS: APLICACI\u00d3N: SOQUETE PARA AMPOLLETA TIPO: CA\u00d1AMO TAMA\u00d1O: E-27 AMPOLLETA: NO CONTIENE C\u00d3DIGO: 054504<\/p>\n","protected":false},"featured_media":6208,"comment_status":"open","ping_status":"closed","template":"","meta":[],"_links":{"self":[{"href":"https:\/\/casabravo.cl\/index.php?rest_route=\/wp\/v2\/product\/6207"}],"collection":[{"href":"https:\/\/casabravo.cl\/index.php?rest_route=\/wp\/v2\/product"}],"about":[{"href":"https:\/\/casabravo.cl\/index.php?rest_route=\/wp\/v2\/types\/product"}],"replies":[{"embeddable":true,"href":"https:\/\/casabravo.cl\/index.php?rest_route=%2Fwp%2Fv2%2Fcomments&post=6207"}],"wp:featuredmedia":[{"embeddable":true,"href":"https:\/\/casabravo.cl\/index.php?rest_route=\/wp\/v2\/media\/6208"}],"wp:attachment":[{"href":"https:\/\/casabravo.cl\/index.php?rest_route=%2Fwp%2Fv2%2Fmedia&parent=6207"}],"curies":[{"name":"wp","href":"https:\/\/api.w.org\/{rel}","templated":true}]}}