{"id":6182,"date":"2022-02-01T20:13:30","date_gmt":"2022-02-01T20:13:30","guid":{"rendered":"https:\/\/casabravo.cl\/?post_type=product&#038;p=6182"},"modified":"2022-08-17T15:42:59","modified_gmt":"2022-08-17T15:42:59","slug":"fuente-poder-cctv-12v-10a-120w","status":"publish","type":"product","link":"https:\/\/casabravo.cl\/?product=fuente-poder-cctv-12v-10a-120w","title":{"rendered":"FUENTE PODER CCTV 12V 10A (120W)"},"content":{"rendered":"<p>CARGADOR<\/p>\n<p><strong>CARACTER\u00cdSTICAS:<\/strong><\/p>\n<p>APLICACI\u00d3N: FUENTE PARA C\u00c1MARA DE SEGURIDAD<\/p>\n<p>TIPO: MET\u00c1LICA (ALUMINIO)<\/p>\n<p>POTENCIA: 12V 10A \/ 120W<\/p>\n<p>C\u00d3DIGO: 001171<\/p>\n","protected":false},"excerpt":{"rendered":"<p>CARGADOR CARACTER\u00cdSTICAS: APLICACI\u00d3N: FUENTE PARA C\u00c1MARA DE SEGURIDAD TIPO: MET\u00c1LICA (ALUMINIO) POTENCIA: 12V 10A \/ 120W C\u00d3DIGO: 001171<\/p>\n","protected":false},"featured_media":6183,"comment_status":"open","ping_status":"closed","template":"","meta":[],"_links":{"self":[{"href":"https:\/\/casabravo.cl\/index.php?rest_route=\/wp\/v2\/product\/6182"}],"collection":[{"href":"https:\/\/casabravo.cl\/index.php?rest_route=\/wp\/v2\/product"}],"about":[{"href":"https:\/\/casabravo.cl\/index.php?rest_route=\/wp\/v2\/types\/product"}],"replies":[{"embeddable":true,"href":"https:\/\/casabravo.cl\/index.php?rest_route=%2Fwp%2Fv2%2Fcomments&post=6182"}],"wp:featuredmedia":[{"embeddable":true,"href":"https:\/\/casabravo.cl\/index.php?rest_route=\/wp\/v2\/media\/6183"}],"wp:attachment":[{"href":"https:\/\/casabravo.cl\/index.php?rest_route=%2Fwp%2Fv2%2Fmedia&parent=6182"}],"curies":[{"name":"wp","href":"https:\/\/api.w.org\/{rel}","templated":true}]}}