{"id":6175,"date":"2022-01-28T15:59:22","date_gmt":"2022-01-28T15:59:22","guid":{"rendered":"https:\/\/casabravo.cl\/?post_type=product&#038;p=6175"},"modified":"2022-01-28T15:59:22","modified_gmt":"2022-01-28T15:59:22","slug":"foco-proyector-solar-120-watts-c-control","status":"publish","type":"product","link":"https:\/\/casabravo.cl\/?product=foco-proyector-solar-120-watts-c-control","title":{"rendered":"FOCO PROYECTOR SOLAR 120 WATTS C\/CONTROL"},"content":{"rendered":"<p>FOCO<\/p>\n<p><strong>CARACTER\u00cdSTICAS:<\/strong><\/p>\n<p>APLICACI\u00d3N: PROYECTOR DE \u00c1REA EXTERIOR<\/p>\n<p>TIPO: SOLAR CON CONTROL REMOTO<\/p>\n<p>POTENCIA: 120 WATTS<\/p>\n<p>\u00c1NGULO: 120\u00ba<\/p>\n<p>PANEL SOLAR: 5V 15W<\/p>\n<p>BATER\u00cdA LITIO: 3.2V 2 x 5000mAh<\/p>\n<p>TIEMPO DE CARGA: 6 &#8211; 8 HORAS<\/p>\n<p>TIEMPO DE FUNCIONAMIENTO: 12 &#8211; 15 HORAS<\/p>\n<p>MATERIAL: ALUMINIO<\/p>\n<p>C\u00d3DIGO: 054500<\/p>\n","protected":false},"excerpt":{"rendered":"<p>FOCO CARACTER\u00cdSTICAS: APLICACI\u00d3N: PROYECTOR DE \u00c1REA EXTERIOR TIPO: SOLAR CON CONTROL REMOTO POTENCIA: 120 WATTS \u00c1NGULO: 120\u00ba PANEL SOLAR: 5V 15W BATER\u00cdA LITIO: 3.2V 2 x 5000mAh TIEMPO DE CARGA: 6 &#8211; 8 HORAS TIEMPO DE FUNCIONAMIENTO: 12 &#8211; 15 HORAS MATERIAL: ALUMINIO C\u00d3DIGO: 054500<\/p>\n","protected":false},"featured_media":0,"comment_status":"open","ping_status":"closed","template":"","meta":[],"_links":{"self":[{"href":"https:\/\/casabravo.cl\/index.php?rest_route=\/wp\/v2\/product\/6175"}],"collection":[{"href":"https:\/\/casabravo.cl\/index.php?rest_route=\/wp\/v2\/product"}],"about":[{"href":"https:\/\/casabravo.cl\/index.php?rest_route=\/wp\/v2\/types\/product"}],"replies":[{"embeddable":true,"href":"https:\/\/casabravo.cl\/index.php?rest_route=%2Fwp%2Fv2%2Fcomments&post=6175"}],"wp:attachment":[{"href":"https:\/\/casabravo.cl\/index.php?rest_route=%2Fwp%2Fv2%2Fmedia&parent=6175"}],"curies":[{"name":"wp","href":"https:\/\/api.w.org\/{rel}","templated":true}]}}