{"id":6173,"date":"2022-01-28T15:53:31","date_gmt":"2022-01-28T15:53:31","guid":{"rendered":"https:\/\/casabravo.cl\/?post_type=product&#038;p=6173"},"modified":"2023-04-12T22:00:35","modified_gmt":"2023-04-12T22:00:35","slug":"foco-proyector-solar-60-watts-c-control","status":"publish","type":"product","link":"https:\/\/casabravo.cl\/?product=foco-proyector-solar-60-watts-c-control","title":{"rendered":"FOCO PROYECTOR SOLAR 200 WATTS C\/CONTROL"},"content":{"rendered":"<p>FOCO<\/p>\n<p><strong>CARACTER\u00cdSTICAS:<\/strong><\/p>\n<p>APLICACI\u00d3N: PROYECTOR DE \u00c1REA EXTERIOR<\/p>\n<p>TIPO: SOLAR &#8211; IP 65 &#8211; CON CONTROL REMOTO<\/p>\n<p>POTENCIA: 200 WATTS<\/p>\n<p>\u00c1NGULO: 90\u00ba<\/p>\n<p>PANEL SOLAR: 5V 20W<\/p>\n<p>BATER\u00cdA: 3.2V 20Ah<\/p>\n<p>TIEMPO CARGA: 6 &#8211; 8 HORAS<\/p>\n<p>TIEMPO DE FUNCIONAMIENTO: 10 &#8211; 12 HORAS<\/p>\n<p>LUMINOSIDAD: 2000LM<\/p>\n<p>MATERIAL: ALUMINIO<\/p>\n<p>C\u00d3DIGO: 054525<\/p>\n","protected":false},"excerpt":{"rendered":"<p>FOCO CARACTER\u00cdSTICAS: APLICACI\u00d3N: PROYECTOR DE \u00c1REA EXTERIOR TIPO: SOLAR &#8211; IP 65 &#8211; CON CONTROL REMOTO POTENCIA: 200 WATTS \u00c1NGULO: 90\u00ba PANEL SOLAR: 5V 20W BATER\u00cdA: 3.2V 20Ah TIEMPO CARGA: 6 &#8211; 8 HORAS TIEMPO DE FUNCIONAMIENTO: 10 &#8211; 12 HORAS LUMINOSIDAD: 2000LM MATERIAL: ALUMINIO C\u00d3DIGO: 054525<\/p>\n","protected":false},"featured_media":6383,"comment_status":"open","ping_status":"closed","template":"","meta":[],"_links":{"self":[{"href":"https:\/\/casabravo.cl\/index.php?rest_route=\/wp\/v2\/product\/6173"}],"collection":[{"href":"https:\/\/casabravo.cl\/index.php?rest_route=\/wp\/v2\/product"}],"about":[{"href":"https:\/\/casabravo.cl\/index.php?rest_route=\/wp\/v2\/types\/product"}],"replies":[{"embeddable":true,"href":"https:\/\/casabravo.cl\/index.php?rest_route=%2Fwp%2Fv2%2Fcomments&post=6173"}],"wp:featuredmedia":[{"embeddable":true,"href":"https:\/\/casabravo.cl\/index.php?rest_route=\/wp\/v2\/media\/6383"}],"wp:attachment":[{"href":"https:\/\/casabravo.cl\/index.php?rest_route=%2Fwp%2Fv2%2Fmedia&parent=6173"}],"curies":[{"name":"wp","href":"https:\/\/api.w.org\/{rel}","templated":true}]}}