{"id":6162,"date":"2022-01-26T21:41:10","date_gmt":"2022-01-26T21:41:10","guid":{"rendered":"https:\/\/casabravo.cl\/?post_type=product&#038;p=6162"},"modified":"2022-01-26T21:41:10","modified_gmt":"2022-01-26T21:41:10","slug":"foco-proyector-led-10-watts-12-24v","status":"publish","type":"product","link":"https:\/\/casabravo.cl\/?product=foco-proyector-led-10-watts-12-24v","title":{"rendered":"FOCO PROYECTOR LED 10 WATTS 12\/24V"},"content":{"rendered":"<p>FOCO<\/p>\n<p><strong>CARACTER\u00cdSTICAS:<\/strong><\/p>\n<p>APLICACI\u00d3N: PROYECTOR DE \u00c1REA LED<\/p>\n<p>TIPO: 12\/24V<\/p>\n<p>POTENCIA: 10 WATTS<\/p>\n<p>L\u00daMENES: 900LM<\/p>\n<p>COLOR: LUZ FR\u00cdA (6300K)<\/p>\n<p>DURACI\u00d3N: 25000 HORAS &#8211; 1P66<\/p>\n<p>\u00c1REA ILUMINACI\u00d3N: 120\u00ba<\/p>\n<p>TAMA\u00d1O: 103*25*83MM<\/p>\n<p>MARCA: GRUNTEK<\/p>\n<p>C\u00d3DIGO: 000623<\/p>\n","protected":false},"excerpt":{"rendered":"<p>FOCO CARACTER\u00cdSTICAS: APLICACI\u00d3N: PROYECTOR DE \u00c1REA LED TIPO: 12\/24V POTENCIA: 10 WATTS L\u00daMENES: 900LM COLOR: LUZ FR\u00cdA (6300K) DURACI\u00d3N: 25000 HORAS &#8211; 1P66 \u00c1REA ILUMINACI\u00d3N: 120\u00ba TAMA\u00d1O: 103*25*83MM MARCA: GRUNTEK C\u00d3DIGO: 000623<\/p>\n","protected":false},"featured_media":6163,"comment_status":"open","ping_status":"closed","template":"","meta":[],"_links":{"self":[{"href":"https:\/\/casabravo.cl\/index.php?rest_route=\/wp\/v2\/product\/6162"}],"collection":[{"href":"https:\/\/casabravo.cl\/index.php?rest_route=\/wp\/v2\/product"}],"about":[{"href":"https:\/\/casabravo.cl\/index.php?rest_route=\/wp\/v2\/types\/product"}],"replies":[{"embeddable":true,"href":"https:\/\/casabravo.cl\/index.php?rest_route=%2Fwp%2Fv2%2Fcomments&post=6162"}],"wp:featuredmedia":[{"embeddable":true,"href":"https:\/\/casabravo.cl\/index.php?rest_route=\/wp\/v2\/media\/6163"}],"wp:attachment":[{"href":"https:\/\/casabravo.cl\/index.php?rest_route=%2Fwp%2Fv2%2Fmedia&parent=6162"}],"curies":[{"name":"wp","href":"https:\/\/api.w.org\/{rel}","templated":true}]}}