{"id":6160,"date":"2022-01-26T21:17:36","date_gmt":"2022-01-26T21:17:36","guid":{"rendered":"https:\/\/casabravo.cl\/?post_type=product&#038;p=6160"},"modified":"2022-10-25T15:17:08","modified_gmt":"2022-10-25T15:17:08","slug":"linterna-tactica-solar-con-mango","status":"publish","type":"product","link":"https:\/\/casabravo.cl\/?product=linterna-tactica-solar-con-mango","title":{"rendered":"LINTERNA LED T\u00c1CTICA SOLAR CON MANGO"},"content":{"rendered":"<p>LINTERNA<\/p>\n<p><strong>CARACTER\u00cdSTICAS:<\/strong><\/p>\n<p>APLICACI\u00d3N: LINTERNA LED T\u00c1CTICA<\/p>\n<p>TIPO: <strong>SOLAR<\/strong> CON MANGO<\/p>\n<p>DESCRIPCI\u00d3N: 1 USB\/ 4 FUNCIONES<\/p>\n<p>ALTA\/MEDIA\/INTERMITENTE Y EMERGENCIA<\/p>\n<p>CONTENIDO: LINTERNA + CABLE CARGA<\/p>\n<p>C\u00d3DIGO: 000330<\/p>\n<p>&nbsp;<\/p>\n","protected":false},"excerpt":{"rendered":"<p>LINTERNA CARACTER\u00cdSTICAS: APLICACI\u00d3N: LINTERNA LED T\u00c1CTICA TIPO: SOLAR CON MANGO DESCRIPCI\u00d3N: 1 USB\/ 4 FUNCIONES ALTA\/MEDIA\/INTERMITENTE Y EMERGENCIA CONTENIDO: LINTERNA + CABLE CARGA C\u00d3DIGO: 000330 &nbsp;<\/p>\n","protected":false},"featured_media":6161,"comment_status":"open","ping_status":"closed","template":"","meta":[],"_links":{"self":[{"href":"https:\/\/casabravo.cl\/index.php?rest_route=\/wp\/v2\/product\/6160"}],"collection":[{"href":"https:\/\/casabravo.cl\/index.php?rest_route=\/wp\/v2\/product"}],"about":[{"href":"https:\/\/casabravo.cl\/index.php?rest_route=\/wp\/v2\/types\/product"}],"replies":[{"embeddable":true,"href":"https:\/\/casabravo.cl\/index.php?rest_route=%2Fwp%2Fv2%2Fcomments&post=6160"}],"wp:featuredmedia":[{"embeddable":true,"href":"https:\/\/casabravo.cl\/index.php?rest_route=\/wp\/v2\/media\/6161"}],"wp:attachment":[{"href":"https:\/\/casabravo.cl\/index.php?rest_route=%2Fwp%2Fv2%2Fmedia&parent=6160"}],"curies":[{"name":"wp","href":"https:\/\/api.w.org\/{rel}","templated":true}]}}