{"id":6159,"date":"2022-01-26T21:04:21","date_gmt":"2022-01-26T21:04:21","guid":{"rendered":"https:\/\/casabravo.cl\/?post_type=product&#038;p=6159"},"modified":"2024-05-17T14:13:46","modified_gmt":"2024-05-17T14:13:46","slug":"ampolleta-led-12-watts-12-24v","status":"publish","type":"product","link":"https:\/\/casabravo.cl\/?product=ampolleta-led-12-watts-12-24v","title":{"rendered":"AMPOLLETA LED PARA PANEL SOLAR 12\/24V 7 WATTS"},"content":{"rendered":"<p>AMPOLLETA<\/p>\n<p><strong>CARACTER\u00cdSTICAS:<\/strong><\/p>\n<p>APLICACI\u00d3N: AMPOLLETA LED IP20 PARA PANEL SOLAR<\/p>\n<p>TIPO: 12\/24V<\/p>\n<p>L\u00daMENES: 1050 LM\/ 85LM*W<\/p>\n<p>POTENCIA: 7 WATTS<\/p>\n<p>COLOR: LUZ FR\u00cdA (6300K)<\/p>\n<p>DURACI\u00d3N: 25000 HORAS<\/p>\n<p>C\u00d3DIGO: 000619<\/p>\n<p>&nbsp;<\/p>\n","protected":false},"excerpt":{"rendered":"<p>AMPOLLETA CARACTER\u00cdSTICAS: APLICACI\u00d3N: AMPOLLETA LED IP20 PARA PANEL SOLAR TIPO: 12\/24V L\u00daMENES: 1050 LM\/ 85LM*W POTENCIA: 7 WATTS COLOR: LUZ FR\u00cdA (6300K) DURACI\u00d3N: 25000 HORAS C\u00d3DIGO: 000619 &nbsp;<\/p>\n","protected":false},"featured_media":1485,"comment_status":"open","ping_status":"closed","template":"","meta":[],"_links":{"self":[{"href":"https:\/\/casabravo.cl\/index.php?rest_route=\/wp\/v2\/product\/6159"}],"collection":[{"href":"https:\/\/casabravo.cl\/index.php?rest_route=\/wp\/v2\/product"}],"about":[{"href":"https:\/\/casabravo.cl\/index.php?rest_route=\/wp\/v2\/types\/product"}],"replies":[{"embeddable":true,"href":"https:\/\/casabravo.cl\/index.php?rest_route=%2Fwp%2Fv2%2Fcomments&post=6159"}],"wp:featuredmedia":[{"embeddable":true,"href":"https:\/\/casabravo.cl\/index.php?rest_route=\/wp\/v2\/media\/1485"}],"wp:attachment":[{"href":"https:\/\/casabravo.cl\/index.php?rest_route=%2Fwp%2Fv2%2Fmedia&parent=6159"}],"curies":[{"name":"wp","href":"https:\/\/api.w.org\/{rel}","templated":true}]}}