{"id":6155,"date":"2022-01-26T20:49:37","date_gmt":"2022-01-26T20:49:37","guid":{"rendered":"https:\/\/casabravo.cl\/?post_type=product&#038;p=6155"},"modified":"2022-01-26T20:49:37","modified_gmt":"2022-01-26T20:49:37","slug":"ampolleta-con-sensor-360o-9-watts","status":"publish","type":"product","link":"https:\/\/casabravo.cl\/?product=ampolleta-con-sensor-360o-9-watts","title":{"rendered":"AMPOLLETA CON SENSOR 360\u00ba 9 WATTS"},"content":{"rendered":"<p>AMPOLLETA<\/p>\n<p><strong>CARACTER\u00cdSTICAS:<\/strong><\/p>\n<p>APLICACI\u00d3N: AMPOLLETA LED<\/p>\n<p>TIPO: CON SENSOR 360\u00ba<\/p>\n<p>DISTANCIA: 1-8 METROS<\/p>\n<p>DURACI\u00d3N SENSOR: 30 SEGUNDOS<\/p>\n<p>POTENCIA: 9 WATTS<\/p>\n<p>COLOR: LUZ FR\u00cdA<\/p>\n<p>SOQUETE: E-27<\/p>\n<p>C\u00d3DIGO: 000699<\/p>\n<p>&nbsp;<\/p>\n","protected":false},"excerpt":{"rendered":"<p>AMPOLLETA CARACTER\u00cdSTICAS: APLICACI\u00d3N: AMPOLLETA LED TIPO: CON SENSOR 360\u00ba DISTANCIA: 1-8 METROS DURACI\u00d3N SENSOR: 30 SEGUNDOS POTENCIA: 9 WATTS COLOR: LUZ FR\u00cdA SOQUETE: E-27 C\u00d3DIGO: 000699 &nbsp;<\/p>\n","protected":false},"featured_media":0,"comment_status":"open","ping_status":"closed","template":"","meta":[],"_links":{"self":[{"href":"https:\/\/casabravo.cl\/index.php?rest_route=\/wp\/v2\/product\/6155"}],"collection":[{"href":"https:\/\/casabravo.cl\/index.php?rest_route=\/wp\/v2\/product"}],"about":[{"href":"https:\/\/casabravo.cl\/index.php?rest_route=\/wp\/v2\/types\/product"}],"replies":[{"embeddable":true,"href":"https:\/\/casabravo.cl\/index.php?rest_route=%2Fwp%2Fv2%2Fcomments&post=6155"}],"wp:attachment":[{"href":"https:\/\/casabravo.cl\/index.php?rest_route=%2Fwp%2Fv2%2Fmedia&parent=6155"}],"curies":[{"name":"wp","href":"https:\/\/api.w.org\/{rel}","templated":true}]}}