{"id":6152,"date":"2022-01-18T21:05:44","date_gmt":"2022-01-18T21:05:44","guid":{"rendered":"https:\/\/casabravo.cl\/?post_type=product&#038;p=6152"},"modified":"2022-05-02T22:28:48","modified_gmt":"2022-05-02T22:28:48","slug":"camara-bullet-2mp","status":"publish","type":"product","link":"https:\/\/casabravo.cl\/?product=camara-bullet-2mp","title":{"rendered":"C\u00c1MARA BULLET 2MP HIKVISI\u00d3N"},"content":{"rendered":"<p>C\u00c1MARA<\/p>\n<p><strong>CARACTER\u00cdSTICAS:<\/strong><\/p>\n<p>APLICACI\u00d3N: C\u00c1MARA DE SEGURIDAD<\/p>\n<p>TIPO: BULLET (BALA) PL\u00c1STICA<\/p>\n<p>LENTE: 2.8 mm<\/p>\n<p>DISTANCIA: 20.0 METROS &#8211; IP 66<\/p>\n<p>PIXELES: 2 MEGA (1080P)<\/p>\n<p>MARCA: HIKVISION<\/p>\n<p>MODELO: DS-2CE16D0T-IPF<\/p>\n<p>C\u00d3DIGO: 000696<\/p>\n","protected":false},"excerpt":{"rendered":"<p>C\u00c1MARA CARACTER\u00cdSTICAS: APLICACI\u00d3N: C\u00c1MARA DE SEGURIDAD TIPO: BULLET (BALA) PL\u00c1STICA LENTE: 2.8 mm DISTANCIA: 20.0 METROS &#8211; IP 66 PIXELES: 2 MEGA (1080P) MARCA: HIKVISION MODELO: DS-2CE16D0T-IPF C\u00d3DIGO: 000696<\/p>\n","protected":false},"featured_media":6153,"comment_status":"open","ping_status":"closed","template":"","meta":[],"_links":{"self":[{"href":"https:\/\/casabravo.cl\/index.php?rest_route=\/wp\/v2\/product\/6152"}],"collection":[{"href":"https:\/\/casabravo.cl\/index.php?rest_route=\/wp\/v2\/product"}],"about":[{"href":"https:\/\/casabravo.cl\/index.php?rest_route=\/wp\/v2\/types\/product"}],"replies":[{"embeddable":true,"href":"https:\/\/casabravo.cl\/index.php?rest_route=%2Fwp%2Fv2%2Fcomments&post=6152"}],"wp:featuredmedia":[{"embeddable":true,"href":"https:\/\/casabravo.cl\/index.php?rest_route=\/wp\/v2\/media\/6153"}],"wp:attachment":[{"href":"https:\/\/casabravo.cl\/index.php?rest_route=%2Fwp%2Fv2%2Fmedia&parent=6152"}],"curies":[{"name":"wp","href":"https:\/\/api.w.org\/{rel}","templated":true}]}}