{"id":612,"date":"2016-05-17T23:13:20","date_gmt":"2016-05-17T23:13:20","guid":{"rendered":"http:\/\/casabravo.cl\/?post_type=product&#038;p=612"},"modified":"2019-01-23T20:28:28","modified_gmt":"2019-01-23T20:28:28","slug":"foco-plafon-cuadrado-18w-cw","status":"publish","type":"product","link":"https:\/\/casabravo.cl\/?product=foco-plafon-cuadrado-18w-cw","title":{"rendered":"PANEL LED CUADRADO SOBREPUESTO 18 WATTS"},"content":{"rendered":"<p>PANEL LED &#8211;\u00a0 \u00a0 FOTO REFERENCIA<\/p>\n<p><strong>CARACTER\u00cdSTICAS:<\/strong><\/p>\n<p>APLICACI\u00d3N: PANEL LED 18 WATTS<\/p>\n<p>TIPO: CUADRADO SOBREPUESTO<\/p>\n<p>COLOR: LUZ C\u00c1LIDA (3200K)<\/p>\n<p>MEDIDAS: LADO 22.5 CMS. &#8211; ALTO\u00a0 4 CMS.<\/p>\n<p>LUMINOSIDAD: 1.260 L\u00daMENES<\/p>\n<p>VIDA \u00daTIL: 30.000 HORAS<\/p>\n<p>C\u00d3DIGO: 001011<\/p>\n<p>&nbsp;<\/p>\n","protected":false},"excerpt":{"rendered":"<p>PANEL LED &#8211;\u00a0 \u00a0 FOTO REFERENCIA CARACTER\u00cdSTICAS: APLICACI\u00d3N: PANEL LED 18 WATTS TIPO: CUADRADO SOBREPUESTO COLOR: LUZ C\u00c1LIDA (3200K) MEDIDAS: LADO 22.5 CMS. &#8211; ALTO\u00a0 4 CMS. LUMINOSIDAD: 1.260 L\u00daMENES VIDA \u00daTIL: 30.000 HORAS C\u00d3DIGO: 001011 &nbsp;<\/p>\n","protected":false},"featured_media":0,"comment_status":"open","ping_status":"closed","template":"","meta":[],"_links":{"self":[{"href":"https:\/\/casabravo.cl\/index.php?rest_route=\/wp\/v2\/product\/612"}],"collection":[{"href":"https:\/\/casabravo.cl\/index.php?rest_route=\/wp\/v2\/product"}],"about":[{"href":"https:\/\/casabravo.cl\/index.php?rest_route=\/wp\/v2\/types\/product"}],"replies":[{"embeddable":true,"href":"https:\/\/casabravo.cl\/index.php?rest_route=%2Fwp%2Fv2%2Fcomments&post=612"}],"wp:attachment":[{"href":"https:\/\/casabravo.cl\/index.php?rest_route=%2Fwp%2Fv2%2Fmedia&parent=612"}],"curies":[{"name":"wp","href":"https:\/\/api.w.org\/{rel}","templated":true}]}}