{"id":6107,"date":"2021-11-16T21:14:10","date_gmt":"2021-11-16T21:14:10","guid":{"rendered":"https:\/\/casabravo.cl\/?post_type=product&#038;p=6107"},"modified":"2021-11-16T21:14:10","modified_gmt":"2021-11-16T21:14:10","slug":"triangulo-vial-solar","status":"publish","type":"product","link":"https:\/\/casabravo.cl\/?product=triangulo-vial-solar","title":{"rendered":"TRI\u00c1NGULO VIAL SOLAR"},"content":{"rendered":"<p>TRI\u00c1NGULO<\/p>\n<p><strong>CARACTER\u00cdS<span style=\"font-size: 16px;\">TICAS:<\/span><\/strong><\/p>\n<p>APLICACI\u00d3N: SE\u00d1AL\u00c9TICA VIAL<\/p>\n<p>TIPO: TR\u00cdANGULO SOLAR COLGANTE<\/p>\n<p>FUNCIONES: TRES LUCES ENCENDIDAS O TRI\u00c1NGULO<\/p>\n<p>ROJO INTERMITENTE<\/p>\n<p>BOTONES: SWITCH ENCENDIDO Y FUNCIONES<\/p>\n<p>ENTRADAS: USB Y MICRO USB CON CABLE CARGA<\/p>\n<p>C\u00d3DIGO: 054492<\/p>\n<p>&nbsp;<\/p>\n","protected":false},"excerpt":{"rendered":"<p>TRI\u00c1NGULO CARACTER\u00cdSTICAS: APLICACI\u00d3N: SE\u00d1AL\u00c9TICA VIAL TIPO: TR\u00cdANGULO SOLAR COLGANTE FUNCIONES: TRES LUCES ENCENDIDAS O TRI\u00c1NGULO ROJO INTERMITENTE BOTONES: SWITCH ENCENDIDO Y FUNCIONES ENTRADAS: USB Y MICRO USB CON CABLE CARGA C\u00d3DIGO: 054492 &nbsp;<\/p>\n","protected":false},"featured_media":6108,"comment_status":"open","ping_status":"closed","template":"","meta":[],"_links":{"self":[{"href":"https:\/\/casabravo.cl\/index.php?rest_route=\/wp\/v2\/product\/6107"}],"collection":[{"href":"https:\/\/casabravo.cl\/index.php?rest_route=\/wp\/v2\/product"}],"about":[{"href":"https:\/\/casabravo.cl\/index.php?rest_route=\/wp\/v2\/types\/product"}],"replies":[{"embeddable":true,"href":"https:\/\/casabravo.cl\/index.php?rest_route=%2Fwp%2Fv2%2Fcomments&post=6107"}],"wp:featuredmedia":[{"embeddable":true,"href":"https:\/\/casabravo.cl\/index.php?rest_route=\/wp\/v2\/media\/6108"}],"wp:attachment":[{"href":"https:\/\/casabravo.cl\/index.php?rest_route=%2Fwp%2Fv2%2Fmedia&parent=6107"}],"curies":[{"name":"wp","href":"https:\/\/api.w.org\/{rel}","templated":true}]}}