{"id":6101,"date":"2021-11-16T20:46:20","date_gmt":"2021-11-16T20:46:20","guid":{"rendered":"https:\/\/casabravo.cl\/?post_type=product&#038;p=6101"},"modified":"2023-02-15T20:01:26","modified_gmt":"2023-02-15T20:01:26","slug":"guilnalda-estrellas-rgb","status":"publish","type":"product","link":"https:\/\/casabravo.cl\/?product=guilnalda-estrellas-rgb","title":{"rendered":"GUIRNALDA ESTRELLAS RGB"},"content":{"rendered":"<p>GUIRNALDA<\/p>\n<p><strong>CARACTER\u00cdSTICAS:<\/strong><\/p>\n<p>APLICACI\u00d3N: DECORACI\u00d3N NAVIDE\u00d1A U OTROS<\/p>\n<p>TIPO: GUIRNALDA COLORES (RGB)<\/p>\n<p>MODELO: 6 ESTRELLAS GRANDES 6 ESTRELLAS PEQUE\u00d1AS<\/p>\n<p>LARGO: 3.0 METROS<\/p>\n<p>C\u00d3DIGO: 054490<\/p>\n","protected":false},"excerpt":{"rendered":"<p>GUIRNALDA CARACTER\u00cdSTICAS: APLICACI\u00d3N: DECORACI\u00d3N NAVIDE\u00d1A U OTROS TIPO: GUIRNALDA COLORES (RGB) MODELO: 6 ESTRELLAS GRANDES 6 ESTRELLAS PEQUE\u00d1AS LARGO: 3.0 METROS C\u00d3DIGO: 054490<\/p>\n","protected":false},"featured_media":0,"comment_status":"open","ping_status":"closed","template":"","meta":[],"_links":{"self":[{"href":"https:\/\/casabravo.cl\/index.php?rest_route=\/wp\/v2\/product\/6101"}],"collection":[{"href":"https:\/\/casabravo.cl\/index.php?rest_route=\/wp\/v2\/product"}],"about":[{"href":"https:\/\/casabravo.cl\/index.php?rest_route=\/wp\/v2\/types\/product"}],"replies":[{"embeddable":true,"href":"https:\/\/casabravo.cl\/index.php?rest_route=%2Fwp%2Fv2%2Fcomments&post=6101"}],"wp:attachment":[{"href":"https:\/\/casabravo.cl\/index.php?rest_route=%2Fwp%2Fv2%2Fmedia&parent=6101"}],"curies":[{"name":"wp","href":"https:\/\/api.w.org\/{rel}","templated":true}]}}