{"id":610,"date":"2016-05-17T23:12:13","date_gmt":"2016-05-17T23:12:13","guid":{"rendered":"http:\/\/casabravo.cl\/?post_type=product&#038;p=610"},"modified":"2023-04-12T22:21:34","modified_gmt":"2023-04-12T22:21:34","slug":"foco-plafon-cuadrado-12w-cw","status":"publish","type":"product","link":"https:\/\/casabravo.cl\/?product=foco-plafon-cuadrado-12w-cw","title":{"rendered":"PANEL LED CUADRADO SOBREPUESTO 12 WATTS"},"content":{"rendered":"<p>PANEL LED<\/p>\n<p><strong>CARACTER\u00cdSTICAS:<\/strong><\/p>\n<p>APLICACI\u00d3N: PANEL LED TECHO<\/p>\n<p>TIPO: CUADRADO SOBREPUESTO<\/p>\n<p>COLOR: LUZ FR\u00cdA (6500K)<\/p>\n<p>POTENCIA: 12 WATTS<\/p>\n<p>C\u00d3DIGO: 000918<\/p>\n<p>&nbsp;<\/p>\n<p>&nbsp;<\/p>\n<p>&nbsp;<\/p>\n","protected":false},"excerpt":{"rendered":"<p>PANEL LED CARACTER\u00cdSTICAS: APLICACI\u00d3N: PANEL LED TECHO TIPO: CUADRADO SOBREPUESTO COLOR: LUZ FR\u00cdA (6500K) POTENCIA: 12 WATTS C\u00d3DIGO: 000918 &nbsp; &nbsp; &nbsp;<\/p>\n","protected":false},"featured_media":0,"comment_status":"open","ping_status":"closed","template":"","meta":[],"_links":{"self":[{"href":"https:\/\/casabravo.cl\/index.php?rest_route=\/wp\/v2\/product\/610"}],"collection":[{"href":"https:\/\/casabravo.cl\/index.php?rest_route=\/wp\/v2\/product"}],"about":[{"href":"https:\/\/casabravo.cl\/index.php?rest_route=\/wp\/v2\/types\/product"}],"replies":[{"embeddable":true,"href":"https:\/\/casabravo.cl\/index.php?rest_route=%2Fwp%2Fv2%2Fcomments&post=610"}],"wp:attachment":[{"href":"https:\/\/casabravo.cl\/index.php?rest_route=%2Fwp%2Fv2%2Fmedia&parent=610"}],"curies":[{"name":"wp","href":"https:\/\/api.w.org\/{rel}","templated":true}]}}