{"id":6093,"date":"2021-11-08T20:50:58","date_gmt":"2021-11-08T20:50:58","guid":{"rendered":"https:\/\/casabravo.cl\/?post_type=product&#038;p=6093"},"modified":"2021-11-08T20:50:59","modified_gmt":"2021-11-08T20:50:59","slug":"panel-sobrepuesto-6-watts-redondo","status":"publish","type":"product","link":"https:\/\/casabravo.cl\/?product=panel-sobrepuesto-6-watts-redondo","title":{"rendered":"PANEL SOBREPUESTO 6 WATTS REDONDO"},"content":{"rendered":"<p>PANEL<\/p>\n<p><strong>CARACTER\u00cdSTICAS:<\/strong><\/p>\n<p>APLICACI\u00d3N: PANEL LED TECHO<\/p>\n<p>TIPO: SOBREPUESTO REDONDO<\/p>\n<p>POTENICA: 6 WATTS<\/p>\n<p>L\u00daMENES: 360 LM<\/p>\n<p>\u00c1NGULO: 120\u00ba<\/p>\n<p>COLOR: LUZ FR\u00cdA (6500K)<\/p>\n<p>DI\u00c1METRO: 112 mm<\/p>\n<p>C\u00d3DIGO: 054485<\/p>\n","protected":false},"excerpt":{"rendered":"<p>PANEL CARACTER\u00cdSTICAS: APLICACI\u00d3N: PANEL LED TECHO TIPO: SOBREPUESTO REDONDO POTENICA: 6 WATTS L\u00daMENES: 360 LM \u00c1NGULO: 120\u00ba COLOR: LUZ FR\u00cdA (6500K) DI\u00c1METRO: 112 mm C\u00d3DIGO: 054485<\/p>\n","protected":false},"featured_media":607,"comment_status":"open","ping_status":"closed","template":"","meta":[],"_links":{"self":[{"href":"https:\/\/casabravo.cl\/index.php?rest_route=\/wp\/v2\/product\/6093"}],"collection":[{"href":"https:\/\/casabravo.cl\/index.php?rest_route=\/wp\/v2\/product"}],"about":[{"href":"https:\/\/casabravo.cl\/index.php?rest_route=\/wp\/v2\/types\/product"}],"replies":[{"embeddable":true,"href":"https:\/\/casabravo.cl\/index.php?rest_route=%2Fwp%2Fv2%2Fcomments&post=6093"}],"wp:featuredmedia":[{"embeddable":true,"href":"https:\/\/casabravo.cl\/index.php?rest_route=\/wp\/v2\/media\/607"}],"wp:attachment":[{"href":"https:\/\/casabravo.cl\/index.php?rest_route=%2Fwp%2Fv2%2Fmedia&parent=6093"}],"curies":[{"name":"wp","href":"https:\/\/api.w.org\/{rel}","templated":true}]}}