{"id":608,"date":"2016-05-17T23:10:53","date_gmt":"2016-05-17T23:10:53","guid":{"rendered":"http:\/\/casabravo.cl\/?post_type=product&#038;p=608"},"modified":"2022-10-25T15:26:12","modified_gmt":"2022-10-25T15:26:12","slug":"foco-plafon-redondo-18w-cw","status":"publish","type":"product","link":"https:\/\/casabravo.cl\/?product=foco-plafon-redondo-18w-cw","title":{"rendered":"PANEL LED REDONDO SOBREPUESTO 18 WATTS"},"content":{"rendered":"<p>PANEL LED<\/p>\n<p><strong>CARACTER\u00cdSTICAS:<\/strong><\/p>\n<p>APLICACI\u00d3N: PANEL LED\u00a0 TECHO<\/p>\n<p>TIPO: REDONDO SOBREPUESTO &#8211; BORDE PLANO<\/p>\n<p>POTENCIA: 18 WATTS<\/p>\n<p>COLOR: LUZ FR\u00cdA (6500K)<\/p>\n<p>DI\u00c1METRO: 225 MM<\/p>\n<p>VIDA \u00daTIL: 20.000 HORAS<\/p>\n<p>C\u00d3DIGO: 054517<\/p>\n","protected":false},"excerpt":{"rendered":"<p>PANEL LED CARACTER\u00cdSTICAS: APLICACI\u00d3N: PANEL LED\u00a0 TECHO TIPO: REDONDO SOBREPUESTO &#8211; BORDE PLANO POTENCIA: 18 WATTS COLOR: LUZ FR\u00cdA (6500K) DI\u00c1METRO: 225 MM VIDA \u00daTIL: 20.000 HORAS C\u00d3DIGO: 054517<\/p>\n","protected":false},"featured_media":0,"comment_status":"open","ping_status":"closed","template":"","meta":[],"_links":{"self":[{"href":"https:\/\/casabravo.cl\/index.php?rest_route=\/wp\/v2\/product\/608"}],"collection":[{"href":"https:\/\/casabravo.cl\/index.php?rest_route=\/wp\/v2\/product"}],"about":[{"href":"https:\/\/casabravo.cl\/index.php?rest_route=\/wp\/v2\/types\/product"}],"replies":[{"embeddable":true,"href":"https:\/\/casabravo.cl\/index.php?rest_route=%2Fwp%2Fv2%2Fcomments&post=608"}],"wp:attachment":[{"href":"https:\/\/casabravo.cl\/index.php?rest_route=%2Fwp%2Fv2%2Fmedia&parent=608"}],"curies":[{"name":"wp","href":"https:\/\/api.w.org\/{rel}","templated":true}]}}