{"id":6079,"date":"2021-11-02T20:52:33","date_gmt":"2021-11-02T20:52:33","guid":{"rendered":"https:\/\/casabravo.cl\/?post_type=product&#038;p=6079"},"modified":"2023-04-04T21:34:11","modified_gmt":"2023-04-04T21:34:11","slug":"camara-domo-2-mega-pixel","status":"publish","type":"product","link":"https:\/\/casabravo.cl\/?product=camara-domo-2-mega-pixel","title":{"rendered":"C\u00c1MARA DOMO 2MP DAHUA"},"content":{"rendered":"<p>C\u00c1MARA<\/p>\n<p><strong>CARACTER\u00cdSTICAS:<\/strong><\/p>\n<p>APLICACI\u00d3N: C\u00c1MARA DE SEGURIDAD<\/p>\n<p>TIPO: DOMO PL\u00c1STICA IR 20M &#8211; 30 FPS<\/p>\n<p>PIXELES: 2MP (1080P)<\/p>\n<p>DISTANCIA FOCAL FIJA: 3.6 M<\/p>\n<p>MARCA: DAHUA<\/p>\n<p>C\u00d3DIGO: 000012<\/p>\n<p>&nbsp;<\/p>\n","protected":false},"excerpt":{"rendered":"<p>C\u00c1MARA CARACTER\u00cdSTICAS: APLICACI\u00d3N: C\u00c1MARA DE SEGURIDAD TIPO: DOMO PL\u00c1STICA IR 20M &#8211; 30 FPS PIXELES: 2MP (1080P) DISTANCIA FOCAL FIJA: 3.6 M MARCA: DAHUA C\u00d3DIGO: 000012 &nbsp;<\/p>\n","protected":false},"featured_media":6081,"comment_status":"open","ping_status":"closed","template":"","meta":[],"_links":{"self":[{"href":"https:\/\/casabravo.cl\/index.php?rest_route=\/wp\/v2\/product\/6079"}],"collection":[{"href":"https:\/\/casabravo.cl\/index.php?rest_route=\/wp\/v2\/product"}],"about":[{"href":"https:\/\/casabravo.cl\/index.php?rest_route=\/wp\/v2\/types\/product"}],"replies":[{"embeddable":true,"href":"https:\/\/casabravo.cl\/index.php?rest_route=%2Fwp%2Fv2%2Fcomments&post=6079"}],"wp:featuredmedia":[{"embeddable":true,"href":"https:\/\/casabravo.cl\/index.php?rest_route=\/wp\/v2\/media\/6081"}],"wp:attachment":[{"href":"https:\/\/casabravo.cl\/index.php?rest_route=%2Fwp%2Fv2%2Fmedia&parent=6079"}],"curies":[{"name":"wp","href":"https:\/\/api.w.org\/{rel}","templated":true}]}}