{"id":6069,"date":"2021-10-20T21:25:22","date_gmt":"2021-10-20T21:25:22","guid":{"rendered":"https:\/\/casabravo.cl\/?post_type=product&#038;p=6069"},"modified":"2021-10-20T21:25:23","modified_gmt":"2021-10-20T21:25:23","slug":"protector-teclado-silicona","status":"publish","type":"product","link":"https:\/\/casabravo.cl\/?product=protector-teclado-silicona","title":{"rendered":"PROTECTOR TECLADO SILICONA"},"content":{"rendered":"<p>PROTECTOR<\/p>\n<p><strong>CARACTER\u00cdSTICAS:<\/strong><\/p>\n<p>APLICACI\u00d3N: PARA TECLADOS DE NOTEBOOK<\/p>\n<p>TIPO: SILICONA TRANSPARENTE<\/p>\n<p>PROTECCI\u00d3N ANTIBACTERIAL DURABLE<\/p>\n<p>MEDIDAS: 30 cms. x 13 cms.<\/p>\n<p>C\u00d3DIGO: 001853<\/p>\n","protected":false},"excerpt":{"rendered":"<p>PROTECTOR CARACTER\u00cdSTICAS: APLICACI\u00d3N: PARA TECLADOS DE NOTEBOOK TIPO: SILICONA TRANSPARENTE PROTECCI\u00d3N ANTIBACTERIAL DURABLE MEDIDAS: 30 cms. x 13 cms. C\u00d3DIGO: 001853<\/p>\n","protected":false},"featured_media":6070,"comment_status":"open","ping_status":"closed","template":"","meta":[],"_links":{"self":[{"href":"https:\/\/casabravo.cl\/index.php?rest_route=\/wp\/v2\/product\/6069"}],"collection":[{"href":"https:\/\/casabravo.cl\/index.php?rest_route=\/wp\/v2\/product"}],"about":[{"href":"https:\/\/casabravo.cl\/index.php?rest_route=\/wp\/v2\/types\/product"}],"replies":[{"embeddable":true,"href":"https:\/\/casabravo.cl\/index.php?rest_route=%2Fwp%2Fv2%2Fcomments&post=6069"}],"wp:featuredmedia":[{"embeddable":true,"href":"https:\/\/casabravo.cl\/index.php?rest_route=\/wp\/v2\/media\/6070"}],"wp:attachment":[{"href":"https:\/\/casabravo.cl\/index.php?rest_route=%2Fwp%2Fv2%2Fmedia&parent=6069"}],"curies":[{"name":"wp","href":"https:\/\/api.w.org\/{rel}","templated":true}]}}