{"id":6066,"date":"2021-10-20T21:13:48","date_gmt":"2021-10-20T21:13:48","guid":{"rendered":"https:\/\/casabravo.cl\/?post_type=product&#038;p=6066"},"modified":"2024-05-04T16:03:07","modified_gmt":"2024-05-04T16:03:07","slug":"camara-bullet-hdcvi-2mp-full-color","status":"publish","type":"product","link":"https:\/\/casabravo.cl\/?product=camara-bullet-hdcvi-2mp-full-color","title":{"rendered":"C\u00c1MARA BULLET HDCVI 2MP FULL-COLOR DAHUA"},"content":{"rendered":"<p>C\u00c1MARA<\/p>\n<p><strong>CARACTER\u00cdSTICAS:<\/strong><\/p>\n<p>APLICACI\u00d3N: C\u00c1MARA DE SEGURIDAD<\/p>\n<p>TIPO: BULLET <strong>FULL COLOR\u00a0<\/strong><\/p>\n<p>RESOLUCI\u00d3N: 2MP (1080P)<\/p>\n<p>MATERIAL: PL\u00c1STICA<\/p>\n<p>DISTANCIA: 20.0\u00a0 METROS IR<\/p>\n<p>LENTE: 2.8mm<\/p>\n<p>PROTECCI\u00d3N A LA INTERPERIE: IP 67<\/p>\n<p>MARCA: DAHUA<\/p>\n<p>C\u00d3DIGO: 000312<\/p>\n","protected":false},"excerpt":{"rendered":"<p>C\u00c1MARA CARACTER\u00cdSTICAS: APLICACI\u00d3N: C\u00c1MARA DE SEGURIDAD TIPO: BULLET FULL COLOR\u00a0 RESOLUCI\u00d3N: 2MP (1080P) MATERIAL: PL\u00c1STICA DISTANCIA: 20.0\u00a0 METROS IR LENTE: 2.8mm PROTECCI\u00d3N A LA INTERPERIE: IP 67 MARCA: DAHUA C\u00d3DIGO: 000312<\/p>\n","protected":false},"featured_media":6068,"comment_status":"open","ping_status":"closed","template":"","meta":[],"_links":{"self":[{"href":"https:\/\/casabravo.cl\/index.php?rest_route=\/wp\/v2\/product\/6066"}],"collection":[{"href":"https:\/\/casabravo.cl\/index.php?rest_route=\/wp\/v2\/product"}],"about":[{"href":"https:\/\/casabravo.cl\/index.php?rest_route=\/wp\/v2\/types\/product"}],"replies":[{"embeddable":true,"href":"https:\/\/casabravo.cl\/index.php?rest_route=%2Fwp%2Fv2%2Fcomments&post=6066"}],"wp:featuredmedia":[{"embeddable":true,"href":"https:\/\/casabravo.cl\/index.php?rest_route=\/wp\/v2\/media\/6068"}],"wp:attachment":[{"href":"https:\/\/casabravo.cl\/index.php?rest_route=%2Fwp%2Fv2%2Fmedia&parent=6066"}],"curies":[{"name":"wp","href":"https:\/\/api.w.org\/{rel}","templated":true}]}}