{"id":606,"date":"2016-05-17T23:08:47","date_gmt":"2016-05-17T23:08:47","guid":{"rendered":"http:\/\/casabravo.cl\/?post_type=product&#038;p=606"},"modified":"2019-01-22T21:21:39","modified_gmt":"2019-01-22T21:21:39","slug":"foco-plafon-redondo-12w-cw-17cms","status":"publish","type":"product","link":"https:\/\/casabravo.cl\/?product=foco-plafon-redondo-12w-cw-17cms","title":{"rendered":"PANEL LED SOBREPUESTO REDONDO 6 WATTS"},"content":{"rendered":"<p>PANEL LED<\/p>\n<p><strong>CARACTER\u00cdSTICAS:<\/strong><\/p>\n<p>APLICACI\u00d3N: PANEL LED DE 6 WATTS<\/p>\n<p>TIPO: REDONDO SOBREPUESTO<\/p>\n<p>LUMINOSIDAD: LUZ FR\u00cdA (6500K)<\/p>\n<p>LUMINOSIDAD: 480 L\u00daMENES<\/p>\n<p>DI\u00c1METRO: 12 CMS.<\/p>\n<p>VIDA \u00daTIL: 30.000 HORAS<\/p>\n<p>C\u00d3DIGO: 000095<\/p>\n<p>&nbsp;<\/p>\n<p>&nbsp;<\/p>\n","protected":false},"excerpt":{"rendered":"<p>PANEL LED CARACTER\u00cdSTICAS: APLICACI\u00d3N: PANEL LED DE 6 WATTS TIPO: REDONDO SOBREPUESTO LUMINOSIDAD: LUZ FR\u00cdA (6500K) LUMINOSIDAD: 480 L\u00daMENES DI\u00c1METRO: 12 CMS. VIDA \u00daTIL: 30.000 HORAS C\u00d3DIGO: 000095 &nbsp; &nbsp;<\/p>\n","protected":false},"featured_media":0,"comment_status":"open","ping_status":"closed","template":"","meta":[],"_links":{"self":[{"href":"https:\/\/casabravo.cl\/index.php?rest_route=\/wp\/v2\/product\/606"}],"collection":[{"href":"https:\/\/casabravo.cl\/index.php?rest_route=\/wp\/v2\/product"}],"about":[{"href":"https:\/\/casabravo.cl\/index.php?rest_route=\/wp\/v2\/types\/product"}],"replies":[{"embeddable":true,"href":"https:\/\/casabravo.cl\/index.php?rest_route=%2Fwp%2Fv2%2Fcomments&post=606"}],"wp:attachment":[{"href":"https:\/\/casabravo.cl\/index.php?rest_route=%2Fwp%2Fv2%2Fmedia&parent=606"}],"curies":[{"name":"wp","href":"https:\/\/api.w.org\/{rel}","templated":true}]}}