{"id":6042,"date":"2021-10-02T16:10:48","date_gmt":"2021-10-02T16:10:48","guid":{"rendered":"https:\/\/casabravo.cl\/?post_type=product&#038;p=6042"},"modified":"2021-10-02T16:10:49","modified_gmt":"2021-10-02T16:10:49","slug":"parlante-bluetooth-rectangular","status":"publish","type":"product","link":"https:\/\/casabravo.cl\/?product=parlante-bluetooth-rectangular","title":{"rendered":"PARLANTE BLUETOOTH RECTANGULAR"},"content":{"rendered":"<p>PARLANTE<\/p>\n<p><strong>CARACTER\u00cdSTICAS:<\/strong><\/p>\n<p>APLICACI\u00d3N: PARLANTE RECTANGULAR<\/p>\n<p>TIPO: BLUETOOTH<\/p>\n<p>BATTERY CAPACITY: 1800mA<\/p>\n<p>TIEMPO DE CARGA: 3 &#8211; 4 HORAS<\/p>\n<p>DISTANCIA TRANSMISI\u00d3N: 10.0 METROS<\/p>\n<p>PLAY TIME: 4 &#8211; 5 HORAS<\/p>\n<p>ENTRADAS: AUXILIAR\/ USB\/TF (MICROSD)<\/p>\n<p>C\u00d3DIGO: 000080<\/p>\n","protected":false},"excerpt":{"rendered":"<p>PARLANTE CARACTER\u00cdSTICAS: APLICACI\u00d3N: PARLANTE RECTANGULAR TIPO: BLUETOOTH BATTERY CAPACITY: 1800mA TIEMPO DE CARGA: 3 &#8211; 4 HORAS DISTANCIA TRANSMISI\u00d3N: 10.0 METROS PLAY TIME: 4 &#8211; 5 HORAS ENTRADAS: AUXILIAR\/ USB\/TF (MICROSD) C\u00d3DIGO: 000080<\/p>\n","protected":false},"featured_media":6043,"comment_status":"open","ping_status":"closed","template":"","meta":[],"_links":{"self":[{"href":"https:\/\/casabravo.cl\/index.php?rest_route=\/wp\/v2\/product\/6042"}],"collection":[{"href":"https:\/\/casabravo.cl\/index.php?rest_route=\/wp\/v2\/product"}],"about":[{"href":"https:\/\/casabravo.cl\/index.php?rest_route=\/wp\/v2\/types\/product"}],"replies":[{"embeddable":true,"href":"https:\/\/casabravo.cl\/index.php?rest_route=%2Fwp%2Fv2%2Fcomments&post=6042"}],"wp:featuredmedia":[{"embeddable":true,"href":"https:\/\/casabravo.cl\/index.php?rest_route=\/wp\/v2\/media\/6043"}],"wp:attachment":[{"href":"https:\/\/casabravo.cl\/index.php?rest_route=%2Fwp%2Fv2%2Fmedia&parent=6042"}],"curies":[{"name":"wp","href":"https:\/\/api.w.org\/{rel}","templated":true}]}}