{"id":604,"date":"2016-05-17T23:07:42","date_gmt":"2016-05-17T23:07:42","guid":{"rendered":"http:\/\/casabravo.cl\/?post_type=product&#038;p=604"},"modified":"2021-11-08T20:24:56","modified_gmt":"2021-11-08T20:24:56","slug":"foco-eco-techo-cw-12w","status":"publish","type":"product","link":"https:\/\/casabravo.cl\/?product=foco-eco-techo-cw-12w","title":{"rendered":"PANEL LED REDONDO EMBUTIDO 18 WATTS"},"content":{"rendered":"<p>PANEL LED<\/p>\n<p><strong>CARACTER\u00cdSTICAS:<\/strong><\/p>\n<p>APLICACI\u00d3N: PANEL LED\u00a0 TECHO<\/p>\n<p>TIPO:\u00a0 EMBUTIDO REDONDO PLANO<\/p>\n<p>POTENCIA : 18 WATTS<\/p>\n<p>DI\u00c1METRO: 225 MM.<\/p>\n<p>COLOR: LUZ FR\u00cdA (6500K)<\/p>\n<p>VIDA \u00daTIL: 20.000 HORAS<\/p>\n<p>COLOR: LUZ FR\u00cdA<\/p>\n<p>C\u00d3DIGO: 001502<\/p>\n<p>&nbsp;<\/p>\n<p>&nbsp;<\/p>\n","protected":false},"excerpt":{"rendered":"<p>PANEL LED CARACTER\u00cdSTICAS: APLICACI\u00d3N: PANEL LED\u00a0 TECHO TIPO:\u00a0 EMBUTIDO REDONDO PLANO POTENCIA : 18 WATTS DI\u00c1METRO: 225 MM. COLOR: LUZ FR\u00cdA (6500K) VIDA \u00daTIL: 20.000 HORAS COLOR: LUZ FR\u00cdA C\u00d3DIGO: 001502 &nbsp; &nbsp;<\/p>\n","protected":false},"featured_media":0,"comment_status":"open","ping_status":"closed","template":"","meta":[],"_links":{"self":[{"href":"https:\/\/casabravo.cl\/index.php?rest_route=\/wp\/v2\/product\/604"}],"collection":[{"href":"https:\/\/casabravo.cl\/index.php?rest_route=\/wp\/v2\/product"}],"about":[{"href":"https:\/\/casabravo.cl\/index.php?rest_route=\/wp\/v2\/types\/product"}],"replies":[{"embeddable":true,"href":"https:\/\/casabravo.cl\/index.php?rest_route=%2Fwp%2Fv2%2Fcomments&post=604"}],"wp:attachment":[{"href":"https:\/\/casabravo.cl\/index.php?rest_route=%2Fwp%2Fv2%2Fmedia&parent=604"}],"curies":[{"name":"wp","href":"https:\/\/api.w.org\/{rel}","templated":true}]}}