{"id":6028,"date":"2021-09-29T19:34:11","date_gmt":"2021-09-29T19:34:11","guid":{"rendered":"https:\/\/casabravo.cl\/?post_type=product&#038;p=6028"},"modified":"2021-10-08T19:53:56","modified_gmt":"2021-10-08T19:53:56","slug":"ampolleta-5-watts-rgb-con-control-remoto","status":"publish","type":"product","link":"https:\/\/casabravo.cl\/?product=ampolleta-5-watts-rgb-con-control-remoto","title":{"rendered":"AMPOLLETA 5 WATTS RGB CON CONTROL REMOTO"},"content":{"rendered":"<p>AMPOLLETA<\/p>\n<p><strong>CARACTER\u00cdSTICAS:<\/strong><\/p>\n<p>APLICACI\u00d3N: AMPOLLETA DE ALTA INEGRACI\u00d3N Y CONCENTRACI\u00d3N DE LUZ<\/p>\n<p>TIPO: RGB CON CONTROL REMOTO (COLORES) A 50<\/p>\n<p>POTENCIA: 5 WATTS<\/p>\n<p>SOQUETE: E27<\/p>\n<p>C\u00d3DIGO: 001218<\/p>\n<p>&nbsp;<\/p>\n","protected":false},"excerpt":{"rendered":"<p>AMPOLLETA CARACTER\u00cdSTICAS: APLICACI\u00d3N: AMPOLLETA DE ALTA INEGRACI\u00d3N Y CONCENTRACI\u00d3N DE LUZ TIPO: RGB CON CONTROL REMOTO (COLORES) A 50 POTENCIA: 5 WATTS SOQUETE: E27 C\u00d3DIGO: 001218 &nbsp;<\/p>\n","protected":false},"featured_media":6029,"comment_status":"open","ping_status":"closed","template":"","meta":[],"_links":{"self":[{"href":"https:\/\/casabravo.cl\/index.php?rest_route=\/wp\/v2\/product\/6028"}],"collection":[{"href":"https:\/\/casabravo.cl\/index.php?rest_route=\/wp\/v2\/product"}],"about":[{"href":"https:\/\/casabravo.cl\/index.php?rest_route=\/wp\/v2\/types\/product"}],"replies":[{"embeddable":true,"href":"https:\/\/casabravo.cl\/index.php?rest_route=%2Fwp%2Fv2%2Fcomments&post=6028"}],"wp:featuredmedia":[{"embeddable":true,"href":"https:\/\/casabravo.cl\/index.php?rest_route=\/wp\/v2\/media\/6029"}],"wp:attachment":[{"href":"https:\/\/casabravo.cl\/index.php?rest_route=%2Fwp%2Fv2%2Fmedia&parent=6028"}],"curies":[{"name":"wp","href":"https:\/\/api.w.org\/{rel}","templated":true}]}}