{"id":6025,"date":"2021-09-29T19:25:27","date_gmt":"2021-09-29T19:25:27","guid":{"rendered":"https:\/\/casabravo.cl\/?post_type=product&#038;p=6025"},"modified":"2021-10-08T19:54:57","modified_gmt":"2021-10-08T19:54:57","slug":"ampolleta-rgb-30w-ufo-parlante-bluetooth","status":"publish","type":"product","link":"https:\/\/casabravo.cl\/?product=ampolleta-rgb-30w-ufo-parlante-bluetooth","title":{"rendered":"AMPOLLETA RGB 30 WATTS TIPO UFO CON PARLANTE BLUETOOTH"},"content":{"rendered":"<p>AMPOLLETA<\/p>\n<p><strong>CARACTER\u00cdSTICAS:<\/strong><\/p>\n<p>APLICACI\u00d3N: AMPOLLETA CON PARLANTE BLUETOOTH<\/p>\n<p>TIPO: UFO RGB CON CONTROL REMOTO<\/p>\n<p>POTENCIA: 30 WATTS RGB + W<\/p>\n<p>LUMINOSIDAD: 2000 L\u00daMENES<\/p>\n<p>PATERIAL DEL CUERPO DE LA LUZ: ALUMINIO<\/p>\n<p>MATERIAL DE SOMBRA: PC<\/p>\n<p>SE PUEDE ATENUAR: SI<\/p>\n<p>VIDA \u00daTIL: 30.000 HORAS<\/p>\n<p>PESO: 400 GRS<\/p>\n<p>NIVEL DE PROTECCI\u00d3N: IP30<\/p>\n<p>SOQUETE: E27<\/p>\n<p>\u00c1NGULO DE HAZ DE LUZ: 180\u00ba<\/p>\n<p>INDICE DE REPRODCCI\u00d3N DE COLOR: 80<\/p>\n<p>C\u00d3DIGO: 001217<\/p>\n","protected":false},"excerpt":{"rendered":"<p>AMPOLLETA CARACTER\u00cdSTICAS: APLICACI\u00d3N: AMPOLLETA CON PARLANTE BLUETOOTH TIPO: UFO RGB CON CONTROL REMOTO POTENCIA: 30 WATTS RGB + W LUMINOSIDAD: 2000 L\u00daMENES PATERIAL DEL CUERPO DE LA LUZ: ALUMINIO MATERIAL DE SOMBRA: PC SE PUEDE ATENUAR: SI VIDA \u00daTIL: 30.000 HORAS PESO: 400 GRS NIVEL DE PROTECCI\u00d3N: IP30 SOQUETE: E27 \u00c1NGULO DE HAZ DE LUZ: &hellip;<\/p>\n<p class=\"read-more\"> <a class=\"\" href=\"https:\/\/casabravo.cl\/?product=ampolleta-rgb-30w-ufo-parlante-bluetooth\"> <span class=\"screen-reader-text\">AMPOLLETA RGB 30 WATTS TIPO UFO CON PARLANTE BLUETOOTH<\/span> Leer m\u00e1s &raquo;<\/a><\/p>\n","protected":false},"featured_media":6026,"comment_status":"open","ping_status":"closed","template":"","meta":[],"_links":{"self":[{"href":"https:\/\/casabravo.cl\/index.php?rest_route=\/wp\/v2\/product\/6025"}],"collection":[{"href":"https:\/\/casabravo.cl\/index.php?rest_route=\/wp\/v2\/product"}],"about":[{"href":"https:\/\/casabravo.cl\/index.php?rest_route=\/wp\/v2\/types\/product"}],"replies":[{"embeddable":true,"href":"https:\/\/casabravo.cl\/index.php?rest_route=%2Fwp%2Fv2%2Fcomments&post=6025"}],"wp:featuredmedia":[{"embeddable":true,"href":"https:\/\/casabravo.cl\/index.php?rest_route=\/wp\/v2\/media\/6026"}],"wp:attachment":[{"href":"https:\/\/casabravo.cl\/index.php?rest_route=%2Fwp%2Fv2%2Fmedia&parent=6025"}],"curies":[{"name":"wp","href":"https:\/\/api.w.org\/{rel}","templated":true}]}}