{"id":6021,"date":"2021-09-25T14:57:03","date_gmt":"2021-09-25T14:57:03","guid":{"rendered":"https:\/\/casabravo.cl\/?post_type=product&#038;p=6021"},"modified":"2025-07-10T15:13:27","modified_gmt":"2025-07-10T15:13:27","slug":"disco-ssd-256gb","status":"publish","type":"product","link":"https:\/\/casabravo.cl\/?product=disco-ssd-256gb","title":{"rendered":"DISCO SSD 500GB MARCA CRUCIAL"},"content":{"rendered":"<p>DISCO<\/p>\n<p><strong>CARACTER\u00cdSTICAS:<\/strong><\/p>\n<p>APLICACI\u00d3N: DISCO PARA NOTEBOOK O PC<\/p>\n<p>TIPO: DISCO DURO S\u00d3LIDO SSD<\/p>\n<p>CAPACIDAD: 500GB<\/p>\n<p>MARCA: CRUCIAL<\/p>\n<p>C\u00d3DIGO: 001059<\/p>\n<p>&nbsp;<\/p>\n","protected":false},"excerpt":{"rendered":"<p>DISCO CARACTER\u00cdSTICAS: APLICACI\u00d3N: DISCO PARA NOTEBOOK O PC TIPO: DISCO DURO S\u00d3LIDO SSD CAPACIDAD: 500GB MARCA: CRUCIAL C\u00d3DIGO: 001059 &nbsp;<\/p>\n","protected":false},"featured_media":6494,"comment_status":"open","ping_status":"closed","template":"","meta":[],"_links":{"self":[{"href":"https:\/\/casabravo.cl\/index.php?rest_route=\/wp\/v2\/product\/6021"}],"collection":[{"href":"https:\/\/casabravo.cl\/index.php?rest_route=\/wp\/v2\/product"}],"about":[{"href":"https:\/\/casabravo.cl\/index.php?rest_route=\/wp\/v2\/types\/product"}],"replies":[{"embeddable":true,"href":"https:\/\/casabravo.cl\/index.php?rest_route=%2Fwp%2Fv2%2Fcomments&post=6021"}],"wp:featuredmedia":[{"embeddable":true,"href":"https:\/\/casabravo.cl\/index.php?rest_route=\/wp\/v2\/media\/6494"}],"wp:attachment":[{"href":"https:\/\/casabravo.cl\/index.php?rest_route=%2Fwp%2Fv2%2Fmedia&parent=6021"}],"curies":[{"name":"wp","href":"https:\/\/api.w.org\/{rel}","templated":true}]}}