{"id":6014,"date":"2021-09-22T15:18:02","date_gmt":"2021-09-22T15:18:02","guid":{"rendered":"https:\/\/casabravo.cl\/?post_type=product&#038;p=6014"},"modified":"2021-09-22T15:18:02","modified_gmt":"2021-09-22T15:18:02","slug":"cable-extension-usb-15-0-metros","status":"publish","type":"product","link":"https:\/\/casabravo.cl\/?product=cable-extension-usb-15-0-metros","title":{"rendered":"CABLE EXTENSI\u00d3N USB 15.0 METROS"},"content":{"rendered":"<p>CABLE<\/p>\n<p><strong>CARACTER\u00cdSTICAS:<\/strong><\/p>\n<p>APLICACI\u00d3N: CABLE EXTENSI\u00d3N<\/p>\n<p>TIPO: USB ACTIVO COBRE<\/p>\n<p>LARGO: 15.0 METROS<\/p>\n<p>C\u00d3DIGO: 54377<\/p>\n","protected":false},"excerpt":{"rendered":"<p>CABLE CARACTER\u00cdSTICAS: APLICACI\u00d3N: CABLE EXTENSI\u00d3N TIPO: USB ACTIVO COBRE LARGO: 15.0 METROS C\u00d3DIGO: 54377<\/p>\n","protected":false},"featured_media":2849,"comment_status":"open","ping_status":"closed","template":"","meta":[],"_links":{"self":[{"href":"https:\/\/casabravo.cl\/index.php?rest_route=\/wp\/v2\/product\/6014"}],"collection":[{"href":"https:\/\/casabravo.cl\/index.php?rest_route=\/wp\/v2\/product"}],"about":[{"href":"https:\/\/casabravo.cl\/index.php?rest_route=\/wp\/v2\/types\/product"}],"replies":[{"embeddable":true,"href":"https:\/\/casabravo.cl\/index.php?rest_route=%2Fwp%2Fv2%2Fcomments&post=6014"}],"wp:featuredmedia":[{"embeddable":true,"href":"https:\/\/casabravo.cl\/index.php?rest_route=\/wp\/v2\/media\/2849"}],"wp:attachment":[{"href":"https:\/\/casabravo.cl\/index.php?rest_route=%2Fwp%2Fv2%2Fmedia&parent=6014"}],"curies":[{"name":"wp","href":"https:\/\/api.w.org\/{rel}","templated":true}]}}