{"id":5972,"date":"2021-08-10T22:22:55","date_gmt":"2021-08-10T22:22:55","guid":{"rendered":"https:\/\/casabravo.cl\/?post_type=product&#038;p=5972"},"modified":"2021-08-10T22:22:55","modified_gmt":"2021-08-10T22:22:55","slug":"cable-type-c-macho-macho","status":"publish","type":"product","link":"https:\/\/casabravo.cl\/?product=cable-type-c-macho-macho","title":{"rendered":"CABLE TYPE C MACHO\/MACHO"},"content":{"rendered":"<p>CABLE<\/p>\n<p><strong>CARACTER\u00cdSTICAS:<\/strong><\/p>\n<p>APLICACI\u00d3N: CABLE MACHO A MACHO<\/p>\n<p>TIPO: CABLE C TRANSMISI\u00d3N DE DATOS<\/p>\n<p>LARGO. 2.0 METROS<\/p>\n<p>ENTRADA: 5 A CARGA R\u00c1PIDA<\/p>\n<p>C\u00d3DIGO: 001320<\/p>\n<p>&nbsp;<\/p>\n<p>&nbsp;<\/p>\n","protected":false},"excerpt":{"rendered":"<p>CABLE CARACTER\u00cdSTICAS: APLICACI\u00d3N: CABLE MACHO A MACHO TIPO: CABLE C TRANSMISI\u00d3N DE DATOS LARGO. 2.0 METROS ENTRADA: 5 A CARGA R\u00c1PIDA C\u00d3DIGO: 001320 &nbsp; &nbsp;<\/p>\n","protected":false},"featured_media":0,"comment_status":"open","ping_status":"closed","template":"","meta":[],"_links":{"self":[{"href":"https:\/\/casabravo.cl\/index.php?rest_route=\/wp\/v2\/product\/5972"}],"collection":[{"href":"https:\/\/casabravo.cl\/index.php?rest_route=\/wp\/v2\/product"}],"about":[{"href":"https:\/\/casabravo.cl\/index.php?rest_route=\/wp\/v2\/types\/product"}],"replies":[{"embeddable":true,"href":"https:\/\/casabravo.cl\/index.php?rest_route=%2Fwp%2Fv2%2Fcomments&post=5972"}],"wp:attachment":[{"href":"https:\/\/casabravo.cl\/index.php?rest_route=%2Fwp%2Fv2%2Fmedia&parent=5972"}],"curies":[{"name":"wp","href":"https:\/\/api.w.org\/{rel}","templated":true}]}}