{"id":594,"date":"2016-05-17T21:54:42","date_gmt":"2016-05-17T21:54:42","guid":{"rendered":"http:\/\/casabravo.cl\/?post_type=product&#038;p=594"},"modified":"2019-03-06T19:21:24","modified_gmt":"2019-03-06T19:21:24","slug":"foco-led-slim-cw-50w-90-240v-white-50000-hrs","status":"publish","type":"product","link":"https:\/\/casabravo.cl\/?product=foco-led-slim-cw-50w-90-240v-white-50000-hrs","title":{"rendered":"FOCO PROYECTOR DE \u00c1REA LED 50 WATTS SLIM"},"content":{"rendered":"<p>FOCO LED<\/p>\n<p><strong>CARACTER\u00cdSTICAS:<\/strong><\/p>\n<p>APLICACI\u00d3N: FOCO LED 50 WATTS<\/p>\n<p>TIPO: SLIM &#8211; IP65<\/p>\n<p>COLOR: LUZ FR\u00cdA<\/p>\n<p>VIDA \u00daTIL: 50.000 HORAS<\/p>\n<p>C\u00d3DIGO: 000569<\/p>\n<p>&nbsp;<\/p>\n","protected":false},"excerpt":{"rendered":"<p>FOCO LED CARACTER\u00cdSTICAS: APLICACI\u00d3N: FOCO LED 50 WATTS TIPO: SLIM &#8211; IP65 COLOR: LUZ FR\u00cdA VIDA \u00daTIL: 50.000 HORAS C\u00d3DIGO: 000569 &nbsp;<\/p>\n","protected":false},"featured_media":595,"comment_status":"open","ping_status":"closed","template":"","meta":[],"_links":{"self":[{"href":"https:\/\/casabravo.cl\/index.php?rest_route=\/wp\/v2\/product\/594"}],"collection":[{"href":"https:\/\/casabravo.cl\/index.php?rest_route=\/wp\/v2\/product"}],"about":[{"href":"https:\/\/casabravo.cl\/index.php?rest_route=\/wp\/v2\/types\/product"}],"replies":[{"embeddable":true,"href":"https:\/\/casabravo.cl\/index.php?rest_route=%2Fwp%2Fv2%2Fcomments&post=594"}],"wp:featuredmedia":[{"embeddable":true,"href":"https:\/\/casabravo.cl\/index.php?rest_route=\/wp\/v2\/media\/595"}],"wp:attachment":[{"href":"https:\/\/casabravo.cl\/index.php?rest_route=%2Fwp%2Fv2%2Fmedia&parent=594"}],"curies":[{"name":"wp","href":"https:\/\/api.w.org\/{rel}","templated":true}]}}