{"id":5931,"date":"2021-07-01T22:41:19","date_gmt":"2021-07-01T22:41:19","guid":{"rendered":"https:\/\/casabravo.cl\/?post_type=product&#038;p=5931"},"modified":"2023-09-07T18:57:18","modified_gmt":"2023-09-07T18:57:18","slug":"camara-ip-huski-air-wifi-2-mp-1080p","status":"publish","type":"product","link":"https:\/\/casabravo.cl\/?product=camara-ip-huski-air-wifi-2-mp-1080p","title":{"rendered":"C\u00c1MARA HUSKI AIR WIFI, 2MP 1080P EZVIZ"},"content":{"rendered":"<p>C\u00c1MARA<\/p>\n<p><strong>CARACTER\u00cdSTICAS:<\/strong><\/p>\n<p>APLICACI\u00d3N: C\u00c1MARA VIGILANCIA WIFI EXTERIOR<\/p>\n<p>TIPO: WIFI DOBLE ANTENA 2.4GHZ\/ MICROFONO Y ALTAVOZ INCORPORADO (SIRENA Y LUZ)<\/p>\n<p>AUDIO BIDIRECCIONAL \/ VISI\u00d3N NOCTURNA<\/p>\n<p>LENTE: FIJO 2.8 mm<\/p>\n<p>RESOLUCI\u00d3N: <strong>2 MP<\/strong> (1920*1080) 25 FPS<\/p>\n<p>SOPORTA: H264, DWDR, 3D DNR, BLC, DOBLE FLUJO, 3D DNR, BLC<\/p>\n<p>DISTANCIA: IR 30 METROS<\/p>\n<p>PROTECCI\u00d3N: CONTRA AGUA Y EL POLVO IP 66<\/p>\n<p>COMPATIBLE: RANURA PARA TARJETAS MICRO SD (HASTA 256 GB)<\/p>\n<p>MARCA: EZVIZ<\/p>\n<p>C\u00d3DIGO: 001868<\/p>\n<p>&nbsp;<\/p>\n<p>&nbsp;<\/p>\n","protected":false},"excerpt":{"rendered":"<p>C\u00c1MARA CARACTER\u00cdSTICAS: APLICACI\u00d3N: C\u00c1MARA VIGILANCIA WIFI EXTERIOR TIPO: WIFI DOBLE ANTENA 2.4GHZ\/ MICROFONO Y ALTAVOZ INCORPORADO (SIRENA Y LUZ) AUDIO BIDIRECCIONAL \/ VISI\u00d3N NOCTURNA LENTE: FIJO 2.8 mm RESOLUCI\u00d3N: 2 MP (1920*1080) 25 FPS SOPORTA: H264, DWDR, 3D DNR, BLC, DOBLE FLUJO, 3D DNR, BLC DISTANCIA: IR 30 METROS PROTECCI\u00d3N: CONTRA AGUA Y EL POLVO &hellip;<\/p>\n<p class=\"read-more\"> <a class=\"\" href=\"https:\/\/casabravo.cl\/?product=camara-ip-huski-air-wifi-2-mp-1080p\"> <span class=\"screen-reader-text\">C\u00c1MARA HUSKI AIR WIFI, 2MP 1080P EZVIZ<\/span> Leer m\u00e1s &raquo;<\/a><\/p>\n","protected":false},"featured_media":5932,"comment_status":"open","ping_status":"closed","template":"","meta":[],"_links":{"self":[{"href":"https:\/\/casabravo.cl\/index.php?rest_route=\/wp\/v2\/product\/5931"}],"collection":[{"href":"https:\/\/casabravo.cl\/index.php?rest_route=\/wp\/v2\/product"}],"about":[{"href":"https:\/\/casabravo.cl\/index.php?rest_route=\/wp\/v2\/types\/product"}],"replies":[{"embeddable":true,"href":"https:\/\/casabravo.cl\/index.php?rest_route=%2Fwp%2Fv2%2Fcomments&post=5931"}],"wp:featuredmedia":[{"embeddable":true,"href":"https:\/\/casabravo.cl\/index.php?rest_route=\/wp\/v2\/media\/5932"}],"wp:attachment":[{"href":"https:\/\/casabravo.cl\/index.php?rest_route=%2Fwp%2Fv2%2Fmedia&parent=5931"}],"curies":[{"name":"wp","href":"https:\/\/api.w.org\/{rel}","templated":true}]}}