{"id":5929,"date":"2021-07-01T22:21:52","date_gmt":"2021-07-01T22:21:52","guid":{"rendered":"https:\/\/casabravo.cl\/?post_type=product&#038;p=5929"},"modified":"2023-09-07T18:59:56","modified_gmt":"2023-09-07T18:59:56","slug":"camara-interior-wifi-mini-full-hd-1080p","status":"publish","type":"product","link":"https:\/\/casabravo.cl\/?product=camara-interior-wifi-mini-full-hd-1080p","title":{"rendered":"C\u00c1MARA INTERIOR WIFI MINI FULL HD 1080P EZVIZ"},"content":{"rendered":"<p>C\u00c1MARA<\/p>\n<p><strong>CARACTER\u00cdSTICAS:<\/strong><\/p>\n<p>APLICACI\u00d3N: C\u00c1MARA VIGILANCIA WIFI FIJA INTERIOR<\/p>\n<p>TIPO: WIFI, DETECCI\u00d3N DE MOVIMIENTO\/ VISI\u00d3N NOCTURNA<\/p>\n<p>LENTE GRAN ANGULAR 130\/ AUDIO BIDIRECCIONAL<\/p>\n<p>BASE: MET\u00c1LICA<\/p>\n<p>RESOLUCI\u00d3N: <strong>2MP<\/strong> (1080 PIXELES)<\/p>\n<p>ALMACENAMIENTO: SOPORTE TARJETA MICRO SD HASTA 256GB Y NUBE<\/p>\n<p>MARCA: EZVIZ<\/p>\n<p>C\u00d3DIGO: 001095<\/p>\n<p>&nbsp;<\/p>\n<p>&nbsp;<\/p>\n","protected":false},"excerpt":{"rendered":"<p>C\u00c1MARA CARACTER\u00cdSTICAS: APLICACI\u00d3N: C\u00c1MARA VIGILANCIA WIFI FIJA INTERIOR TIPO: WIFI, DETECCI\u00d3N DE MOVIMIENTO\/ VISI\u00d3N NOCTURNA LENTE GRAN ANGULAR 130\/ AUDIO BIDIRECCIONAL BASE: MET\u00c1LICA RESOLUCI\u00d3N: 2MP (1080 PIXELES) ALMACENAMIENTO: SOPORTE TARJETA MICRO SD HASTA 256GB Y NUBE MARCA: EZVIZ C\u00d3DIGO: 001095 &nbsp; &nbsp;<\/p>\n","protected":false},"featured_media":5930,"comment_status":"open","ping_status":"closed","template":"","meta":[],"_links":{"self":[{"href":"https:\/\/casabravo.cl\/index.php?rest_route=\/wp\/v2\/product\/5929"}],"collection":[{"href":"https:\/\/casabravo.cl\/index.php?rest_route=\/wp\/v2\/product"}],"about":[{"href":"https:\/\/casabravo.cl\/index.php?rest_route=\/wp\/v2\/types\/product"}],"replies":[{"embeddable":true,"href":"https:\/\/casabravo.cl\/index.php?rest_route=%2Fwp%2Fv2%2Fcomments&post=5929"}],"wp:featuredmedia":[{"embeddable":true,"href":"https:\/\/casabravo.cl\/index.php?rest_route=\/wp\/v2\/media\/5930"}],"wp:attachment":[{"href":"https:\/\/casabravo.cl\/index.php?rest_route=%2Fwp%2Fv2%2Fmedia&parent=5929"}],"curies":[{"name":"wp","href":"https:\/\/api.w.org\/{rel}","templated":true}]}}