{"id":5915,"date":"2021-06-08T21:12:27","date_gmt":"2021-06-08T21:12:27","guid":{"rendered":"https:\/\/casabravo.cl\/?post_type=product&#038;p=5915"},"modified":"2021-06-08T21:12:27","modified_gmt":"2021-06-08T21:12:27","slug":"adaptador-usb-3-0-a-sata","status":"publish","type":"product","link":"https:\/\/casabravo.cl\/?product=adaptador-usb-3-0-a-sata","title":{"rendered":"ADAPTADOR USB 3.0 A SATA"},"content":{"rendered":"<p>ADAPTADOR<\/p>\n<p><strong>CARACTER\u00cdSTICAS:<\/strong><\/p>\n<p>APLICACI\u00d3N: ADAPTADOR PARA DISCO EN FORMA EXTERNA<\/p>\n<p>TIPO: USB 3.0 A SATA 2.5 CON DOBLE USB<\/p>\n<p>SOPORTE: HASTA DISCO DE 4TB<\/p>\n<p>C\u00d3DIGO: 001309<\/p>\n<p>&nbsp;<\/p>\n","protected":false},"excerpt":{"rendered":"<p>ADAPTADOR CARACTER\u00cdSTICAS: APLICACI\u00d3N: ADAPTADOR PARA DISCO EN FORMA EXTERNA TIPO: USB 3.0 A SATA 2.5 CON DOBLE USB SOPORTE: HASTA DISCO DE 4TB C\u00d3DIGO: 001309 &nbsp;<\/p>\n","protected":false},"featured_media":5916,"comment_status":"open","ping_status":"closed","template":"","meta":[],"_links":{"self":[{"href":"https:\/\/casabravo.cl\/index.php?rest_route=\/wp\/v2\/product\/5915"}],"collection":[{"href":"https:\/\/casabravo.cl\/index.php?rest_route=\/wp\/v2\/product"}],"about":[{"href":"https:\/\/casabravo.cl\/index.php?rest_route=\/wp\/v2\/types\/product"}],"replies":[{"embeddable":true,"href":"https:\/\/casabravo.cl\/index.php?rest_route=%2Fwp%2Fv2%2Fcomments&post=5915"}],"wp:featuredmedia":[{"embeddable":true,"href":"https:\/\/casabravo.cl\/index.php?rest_route=\/wp\/v2\/media\/5916"}],"wp:attachment":[{"href":"https:\/\/casabravo.cl\/index.php?rest_route=%2Fwp%2Fv2%2Fmedia&parent=5915"}],"curies":[{"name":"wp","href":"https:\/\/api.w.org\/{rel}","templated":true}]}}