{"id":5837,"date":"2021-04-19T16:27:01","date_gmt":"2021-04-19T16:27:01","guid":{"rendered":"https:\/\/casabravo.cl\/?post_type=product&#038;p=5837"},"modified":"2021-04-19T17:04:37","modified_gmt":"2021-04-19T17:04:37","slug":"audifono-con-microfono-usb","status":"publish","type":"product","link":"https:\/\/casabravo.cl\/?product=audifono-con-microfono-usb","title":{"rendered":"AUD\u00cdFONO CON MICR\u00d3FONO USB"},"content":{"rendered":"<p>AUD\u00cdFONO<\/p>\n<p><strong>CARACTER\u00cdSTICAS:<\/strong><\/p>\n<p>APLICACI\u00d3N: AUD\u00cdFONO CON MICR\u00d3FONO PARA PC O NOTEBOOK<\/p>\n<p>TIPO: STEREO \/ GAMING<\/p>\n<p>ENTRADA: USB<\/p>\n<p>C\u00d3DIGO: 001437<\/p>\n","protected":false},"excerpt":{"rendered":"<p>AUD\u00cdFONO CARACTER\u00cdSTICAS: APLICACI\u00d3N: AUD\u00cdFONO CON MICR\u00d3FONO PARA PC O NOTEBOOK TIPO: STEREO \/ GAMING ENTRADA: USB C\u00d3DIGO: 001437<\/p>\n","protected":false},"featured_media":0,"comment_status":"open","ping_status":"closed","template":"","meta":[],"_links":{"self":[{"href":"https:\/\/casabravo.cl\/index.php?rest_route=\/wp\/v2\/product\/5837"}],"collection":[{"href":"https:\/\/casabravo.cl\/index.php?rest_route=\/wp\/v2\/product"}],"about":[{"href":"https:\/\/casabravo.cl\/index.php?rest_route=\/wp\/v2\/types\/product"}],"replies":[{"embeddable":true,"href":"https:\/\/casabravo.cl\/index.php?rest_route=%2Fwp%2Fv2%2Fcomments&post=5837"}],"wp:attachment":[{"href":"https:\/\/casabravo.cl\/index.php?rest_route=%2Fwp%2Fv2%2Fmedia&parent=5837"}],"curies":[{"name":"wp","href":"https:\/\/api.w.org\/{rel}","templated":true}]}}