{"id":5835,"date":"2021-04-19T16:23:06","date_gmt":"2021-04-19T16:23:06","guid":{"rendered":"https:\/\/casabravo.cl\/?post_type=product&#038;p=5835"},"modified":"2024-07-03T12:52:22","modified_gmt":"2024-07-03T12:52:22","slug":"audifono-con-microfono","status":"publish","type":"product","link":"https:\/\/casabravo.cl\/?product=audifono-con-microfono","title":{"rendered":"AUD\u00cdFONO CON MICR\u00d3FONO"},"content":{"rendered":"<p>AUD\u00cdFONO<\/p>\n<p><strong>CARACTER\u00cdSTICAS:<\/strong><\/p>\n<p>APLICACI\u00d3N: AUD\u00cdFONO CON MICR\u00d3FONO PARA PC O NOTEBOOK<\/p>\n<p>TIPO: STEREO \/ GAMING<\/p>\n<p>ENTRADA: PLUS 3.5&#8243; MM<\/p>\n<p>C\u00d3DIGO: 001196<\/p>\n<p>&nbsp;<\/p>\n","protected":false},"excerpt":{"rendered":"<p>AUD\u00cdFONO CARACTER\u00cdSTICAS: APLICACI\u00d3N: AUD\u00cdFONO CON MICR\u00d3FONO PARA PC O NOTEBOOK TIPO: STEREO \/ GAMING ENTRADA: PLUS 3.5&#8243; MM C\u00d3DIGO: 001196 &nbsp;<\/p>\n","protected":false},"featured_media":5836,"comment_status":"open","ping_status":"closed","template":"","meta":[],"_links":{"self":[{"href":"https:\/\/casabravo.cl\/index.php?rest_route=\/wp\/v2\/product\/5835"}],"collection":[{"href":"https:\/\/casabravo.cl\/index.php?rest_route=\/wp\/v2\/product"}],"about":[{"href":"https:\/\/casabravo.cl\/index.php?rest_route=\/wp\/v2\/types\/product"}],"replies":[{"embeddable":true,"href":"https:\/\/casabravo.cl\/index.php?rest_route=%2Fwp%2Fv2%2Fcomments&post=5835"}],"wp:featuredmedia":[{"embeddable":true,"href":"https:\/\/casabravo.cl\/index.php?rest_route=\/wp\/v2\/media\/5836"}],"wp:attachment":[{"href":"https:\/\/casabravo.cl\/index.php?rest_route=%2Fwp%2Fv2%2Fmedia&parent=5835"}],"curies":[{"name":"wp","href":"https:\/\/api.w.org\/{rel}","templated":true}]}}